{"id":1205,"date":"2022-04-05T05:53:00","date_gmt":"2022-04-05T05:53:00","guid":{"rendered":"https:\/\/codexpeed.com\/transland\/?page_id=1205"},"modified":"2024-02-19T12:41:06","modified_gmt":"2024-02-19T12:41:06","slug":"empresa","status":"publish","type":"page","link":"https:\/\/fergamar.com\/en\/empresa\/","title":{"rendered":"EMPRESA TRANSPORTE INTERNACIONAL"},"content":{"rendered":"<div data-elementor-type=\"wp-page\" data-elementor-id=\"1205\" class=\"elementor elementor-1205\">\n\t\t\t\t\t\t\t\t\t<section class=\"elementor-section elementor-top-section elementor-element elementor-element-7511175 elementor-section-boxed elementor-section-height-default elementor-section-height-default\" data-id=\"7511175\" data-element_type=\"section\">\n\t\t\t\t\t\t<div class=\"elementor-container elementor-column-gap-default\">\n\t\t\t\t\t<div class=\"elementor-column elementor-col-50 elementor-top-column elementor-element elementor-element-b6e9c6b animated-slow elementor-invisible\" data-id=\"b6e9c6b\" data-element_type=\"column\" data-settings=\"{&quot;animation&quot;:&quot;fadeInLeft&quot;}\">\n\t\t\t<div class=\"elementor-widget-wrap elementor-element-populated\">\n\t\t\t\t\t\t\t\t<div class=\"elementor-element elementor-element-3d3e03f elementor-widget elementor-widget-image\" data-id=\"3d3e03f\" data-element_type=\"widget\" data-widget_type=\"image.default\">\n\t\t\t\t<div class=\"elementor-widget-container\">\n\t\t\t<style>\/*! elementor - v3.11.1 - 15-02-2023 *\/\n.elementor-widget-image{text-align:center}.elementor-widget-image a{display:inline-block}.elementor-widget-image a img[src$=\".svg\"]{width:48px}.elementor-widget-image img{vertical-align:middle;display:inline-block}<\/style>\t\t\t\t\t\t\t\t\t\t\t\t<img title=\"Fergamar Transporte Internacional\" loading=\"lazy\" decoding=\"async\" width=\"527\" height=\"454\" src=\"https:\/\/fergamar.com\/wp-content\/uploads\/2023\/02\/fergamar-transporte-internacional.jpg\" class=\"attachment-full size-full wp-image-2617\" alt=\"Fergamar Transporte Internacional\" srcset=\"https:\/\/fergamar.com\/wp-content\/uploads\/2023\/02\/fergamar-transporte-internacional.jpg 527w, https:\/\/fergamar.com\/wp-content\/uploads\/2023\/02\/fergamar-transporte-internacional-300x258.jpg 300w, https:\/\/fergamar.com\/wp-content\/uploads\/2023\/02\/fergamar-transporte-internacional-14x12.jpg 14w\" sizes=\"auto, (max-width: 527px) 100vw, 527px\" \/>\t\t\t\t\t\t\t\t\t\t\t\t\t\t\t<\/div>\n\t\t\t\t<\/div>\n\t\t\t\t\t<\/div>\n\t\t<\/div>\n\t\t\t\t<div class=\"elementor-column elementor-col-50 elementor-top-column elementor-element elementor-element-1515553 textoLegible\" data-id=\"1515553\" data-element_type=\"column\">\n\t\t\t<div class=\"elementor-widget-wrap elementor-element-populated\">\n\t\t\t\t\t\t\t\t<div class=\"elementor-element elementor-element-25ba7a1 animated-slow elementor-invisible elementor-widget elementor-widget-modina_section_title\" data-id=\"25ba7a1\" data-element_type=\"widget\" data-settings=\"{&quot;_animation&quot;:&quot;fadeInRight&quot;}\" data-widget_type=\"modina_section_title.default\">\n\t\t\t\t<div class=\"elementor-widget-container\">\n\t\t\t\r\n        <div class=\"block-contents text-start\">\r\n        <div class=\"section-title\">\r\n            <h5 class=\"text-start\"><\/h5>\r\n            <span>Logistics<\/span>\r\n            <h2>FERGAMAR<\/h2>\r\n        <\/div>\r\n            <\/div>\r\n    \r\n    \t\t<\/div>\n\t\t\t\t<\/div>\n\t\t\t\t<section class=\"elementor-section elementor-inner-section elementor-element elementor-element-89a2cb7 about-content animated-slow elementor-section-boxed elementor-section-height-default elementor-section-height-default elementor-invisible\" data-id=\"89a2cb7\" data-element_type=\"section\" data-settings=\"{&quot;background_background&quot;:&quot;classic&quot;,&quot;animation&quot;:&quot;fadeInRight&quot;,&quot;animation_delay&quot;:200}\">\n\t\t\t\t\t\t<div class=\"elementor-container elementor-column-gap-no\">\n\t\t\t\t\t<div class=\"elementor-column elementor-col-100 elementor-inner-column elementor-element elementor-element-3c38eb2\" data-id=\"3c38eb2\" data-element_type=\"column\">\n\t\t\t<div class=\"elementor-widget-wrap elementor-element-populated\">\n\t\t\t\t\t\t\t\t<div class=\"elementor-element elementor-element-742db38 elementor-widget elementor-widget-text-editor\" data-id=\"742db38\" data-element_type=\"widget\" data-widget_type=\"text-editor.default\">\n\t\t\t\t<div class=\"elementor-widget-container\">\n\t\t\t<style>\/*! elementor - v3.11.1 - 15-02-2023 *\/\n.elementor-widget-text-editor.elementor-drop-cap-view-stacked .elementor-drop-cap{background-color:#818a91;color:#fff}.elementor-widget-text-editor.elementor-drop-cap-view-framed .elementor-drop-cap{color:#818a91;border:3px solid;background-color:transparent}.elementor-widget-text-editor:not(.elementor-drop-cap-view-default) .elementor-drop-cap{margin-top:8px}.elementor-widget-text-editor:not(.elementor-drop-cap-view-default) .elementor-drop-cap-letter{width:1em;height:1em}.elementor-widget-text-editor .elementor-drop-cap{float:left;text-align:center;line-height:1;font-size:50px}.elementor-widget-text-editor .elementor-drop-cap-letter{display:inline-block}<\/style>\t\t\t\t<p>La idea principal de Fergamar es ofrecer un <strong>logistics service<\/strong> that integrates a complete range of logistics, transport and distribution issues to suit the needs of each client.<\/p><p>\u00a0<\/p><p>By strengthening our main routes to Northern Europe, increasing transport flows to our main destinations (Germany and Scandinavia), we are able to complete our export and import services. In addition, we are opening up markets in Eastern Europe.<\/p>\t\t\t\t\t\t<\/div>\n\t\t\t\t<\/div>\n\t\t\t\t\t<\/div>\n\t\t<\/div>\n\t\t\t\t\t\t\t<\/div>\n\t\t<\/section>\n\t\t\t\t\t<\/div>\n\t\t<\/div>\n\t\t\t\t\t\t\t<\/div>\n\t\t<\/section>\n\t\t\t\t<section class=\"elementor-section elementor-top-section elementor-element elementor-element-372b405 elementor-section-boxed elementor-section-height-default elementor-section-height-default\" data-id=\"372b405\" data-element_type=\"section\" data-settings=\"{&quot;background_background&quot;:&quot;classic&quot;}\">\n\t\t\t\t\t\t<div class=\"elementor-container elementor-column-gap-default\">\n\t\t\t\t\t<div class=\"elementor-column elementor-col-100 elementor-top-column elementor-element elementor-element-27438ad textoLegible\" data-id=\"27438ad\" data-element_type=\"column\">\n\t\t\t<div class=\"elementor-widget-wrap elementor-element-populated\">\n\t\t\t\t\t\t\t\t<div class=\"elementor-element elementor-element-04f82dd elementor-invisible elementor-widget elementor-widget-modina_section_title\" data-id=\"04f82dd\" data-element_type=\"widget\" data-settings=\"{&quot;_animation&quot;:&quot;fadeInUp&quot;}\" data-widget_type=\"modina_section_title.default\">\n\t\t\t\t<div class=\"elementor-widget-container\">\n\t\t\t\r\n        <div class=\"block-contents text-center\">\r\n        <div class=\"section-title\">\r\n            <h5 class=\"text-center\"><\/h5>\r\n            <span>We differentiate ourselves<\/span>\r\n            <h2><h3 style=\"color:#E8193B; font-size:60px\">Por nuestros objetivos<\/h3><\/h2>\r\n        <\/div>\r\n            <\/div>\r\n    \r\n    \t\t<\/div>\n\t\t\t\t<\/div>\n\t\t\t\t<section class=\"elementor-section elementor-inner-section elementor-element elementor-element-8b00f53 elementor-section-full_width elementor-section-height-default elementor-section-height-default\" data-id=\"8b00f53\" data-element_type=\"section\" id=\"contenedor-objetivos\">\n\t\t\t\t\t\t<div class=\"elementor-container elementor-column-gap-default\">\n\t\t\t\t\t<div class=\"elementor-column elementor-col-33 elementor-inner-column elementor-element elementor-element-a06a7e4 animated-slow elementor-invisible\" data-id=\"a06a7e4\" data-element_type=\"column\" data-settings=\"{&quot;animation&quot;:&quot;fadeInUp&quot;}\">\n\t\t\t<div class=\"elementor-widget-wrap elementor-element-populated\">\n\t\t\t\t\t\t\t\t<section class=\"elementor-section elementor-inner-section elementor-element elementor-element-6b5f6be elementor-section-full_width elementor-section-height-default elementor-section-height-default\" data-id=\"6b5f6be\" data-element_type=\"section\" data-settings=\"{&quot;background_background&quot;:&quot;classic&quot;,&quot;animation&quot;:&quot;none&quot;}\">\n\t\t\t\t\t\t<div class=\"elementor-container elementor-column-gap-no\">\n\t\t\t\t\t<div class=\"elementor-column elementor-col-100 elementor-inner-column elementor-element elementor-element-8baafa8\" data-id=\"8baafa8\" data-element_type=\"column\">\n\t\t\t<div class=\"elementor-widget-wrap elementor-element-populated\">\n\t\t\t\t\t\t\t\t<div class=\"elementor-element elementor-element-6f5c971 elementor-view-default elementor-widget elementor-widget-icon\" data-id=\"6f5c971\" data-element_type=\"widget\" data-widget_type=\"icon.default\">\n\t\t\t\t<div class=\"elementor-widget-container\">\n\t\t\t\t\t<div class=\"elementor-icon-wrapper\">\n\t\t\t<div class=\"elementor-icon\">\n\t\t\t<i aria-hidden=\"true\" class=\"fab fa-confluence\"><\/i>\t\t\t<\/div>\n\t\t<\/div>\n\t\t\t\t<\/div>\n\t\t\t\t<\/div>\n\t\t\t\t<div class=\"elementor-element elementor-element-f9f2ce3 elementor-widget elementor-widget-heading\" data-id=\"f9f2ce3\" data-element_type=\"widget\" data-widget_type=\"heading.default\">\n\t\t\t\t<div class=\"elementor-widget-container\">\n\t\t\t<style>\/*! elementor - v3.11.1 - 15-02-2023 *\/\n.elementor-heading-title{padding:0;margin:0;line-height:1}.elementor-widget-heading .elementor-heading-title[class*=elementor-size-]>a{color:inherit;font-size:inherit;line-height:inherit}.elementor-widget-heading .elementor-heading-title.elementor-size-small{font-size:15px}.elementor-widget-heading .elementor-heading-title.elementor-size-medium{font-size:19px}.elementor-widget-heading .elementor-heading-title.elementor-size-large{font-size:29px}.elementor-widget-heading .elementor-heading-title.elementor-size-xl{font-size:39px}.elementor-widget-heading .elementor-heading-title.elementor-size-xxl{font-size:59px}<\/style><h4 class=\"elementor-heading-title elementor-size-default\">Offering flexible services<\/h4>\t\t<\/div>\n\t\t\t\t<\/div>\n\t\t\t\t\t<\/div>\n\t\t<\/div>\n\t\t\t\t\t\t\t<\/div>\n\t\t<\/section>\n\t\t\t\t\t<\/div>\n\t\t<\/div>\n\t\t\t\t<div class=\"elementor-column elementor-col-33 elementor-inner-column elementor-element elementor-element-7a01a29 animated-slow elementor-invisible\" data-id=\"7a01a29\" data-element_type=\"column\" data-settings=\"{&quot;animation&quot;:&quot;fadeInUp&quot;,&quot;animation_delay&quot;:200}\">\n\t\t\t<div class=\"elementor-widget-wrap elementor-element-populated\">\n\t\t\t\t\t\t\t\t<section class=\"elementor-section elementor-inner-section elementor-element elementor-element-59c95ef elementor-section-full_width elementor-section-height-default elementor-section-height-default\" data-id=\"59c95ef\" data-element_type=\"section\" data-settings=\"{&quot;background_background&quot;:&quot;classic&quot;}\">\n\t\t\t\t\t\t<div class=\"elementor-container elementor-column-gap-no\">\n\t\t\t\t\t<div class=\"elementor-column elementor-col-100 elementor-inner-column elementor-element elementor-element-45a381f\" data-id=\"45a381f\" data-element_type=\"column\">\n\t\t\t<div class=\"elementor-widget-wrap elementor-element-populated\">\n\t\t\t\t\t\t\t\t<div class=\"elementor-element elementor-element-6bf467b elementor-view-default elementor-widget elementor-widget-icon\" data-id=\"6bf467b\" data-element_type=\"widget\" data-widget_type=\"icon.default\">\n\t\t\t\t<div class=\"elementor-widget-container\">\n\t\t\t\t\t<div class=\"elementor-icon-wrapper\">\n\t\t\t<div class=\"elementor-icon\">\n\t\t\t<i aria-hidden=\"true\" class=\"fas fa-chart-line\"><\/i>\t\t\t<\/div>\n\t\t<\/div>\n\t\t\t\t<\/div>\n\t\t\t\t<\/div>\n\t\t\t\t<div class=\"elementor-element elementor-element-542990f elementor-widget elementor-widget-heading\" data-id=\"542990f\" data-element_type=\"widget\" data-widget_type=\"heading.default\">\n\t\t\t\t<div class=\"elementor-widget-container\">\n\t\t\t<h4 class=\"elementor-heading-title elementor-size-default\">Continuously improve<\/h4>\t\t<\/div>\n\t\t\t\t<\/div>\n\t\t\t\t\t<\/div>\n\t\t<\/div>\n\t\t\t\t\t\t\t<\/div>\n\t\t<\/section>\n\t\t\t\t\t<\/div>\n\t\t<\/div>\n\t\t\t\t<div class=\"elementor-column elementor-col-33 elementor-inner-column elementor-element elementor-element-f6eb2e5 animated-slow elementor-invisible\" data-id=\"f6eb2e5\" data-element_type=\"column\" data-settings=\"{&quot;animation&quot;:&quot;fadeInUp&quot;,&quot;animation_delay&quot;:400}\">\n\t\t\t<div class=\"elementor-widget-wrap elementor-element-populated\">\n\t\t\t\t\t\t\t\t<section class=\"elementor-section elementor-inner-section elementor-element elementor-element-af103ef elementor-section-full_width elementor-section-height-default elementor-section-height-default\" data-id=\"af103ef\" data-element_type=\"section\" data-settings=\"{&quot;background_background&quot;:&quot;classic&quot;}\">\n\t\t\t\t\t\t<div class=\"elementor-container elementor-column-gap-no\">\n\t\t\t\t\t<div class=\"elementor-column elementor-col-100 elementor-inner-column elementor-element elementor-element-43a1123\" data-id=\"43a1123\" data-element_type=\"column\">\n\t\t\t<div class=\"elementor-widget-wrap elementor-element-populated\">\n\t\t\t\t\t\t\t\t<div class=\"elementor-element elementor-element-0b59b1c elementor-view-default elementor-widget elementor-widget-icon\" data-id=\"0b59b1c\" data-element_type=\"widget\" data-widget_type=\"icon.default\">\n\t\t\t\t<div class=\"elementor-widget-container\">\n\t\t\t\t\t<div class=\"elementor-icon-wrapper\">\n\t\t\t<div class=\"elementor-icon\">\n\t\t\t<i aria-hidden=\"true\" class=\"fas fa-users\"><\/i>\t\t\t<\/div>\n\t\t<\/div>\n\t\t\t\t<\/div>\n\t\t\t\t<\/div>\n\t\t\t\t<div class=\"elementor-element elementor-element-ac0dd5c elementor-widget elementor-widget-heading\" data-id=\"ac0dd5c\" data-element_type=\"widget\" data-widget_type=\"heading.default\">\n\t\t\t\t<div class=\"elementor-widget-container\">\n\t\t\t<h4 class=\"elementor-heading-title elementor-size-default\">Having a professional team<\/h4>\t\t<\/div>\n\t\t\t\t<\/div>\n\t\t\t\t\t<\/div>\n\t\t<\/div>\n\t\t\t\t\t\t\t<\/div>\n\t\t<\/section>\n\t\t\t\t\t<\/div>\n\t\t<\/div>\n\t\t\t\t\t\t\t<\/div>\n\t\t<\/section>\n\t\t\t\t\t<\/div>\n\t\t<\/div>\n\t\t\t\t\t\t\t<\/div>\n\t\t<\/section>\n\t\t\t\t<section class=\"elementor-section elementor-top-section elementor-element elementor-element-9a8da72 elementor-section-boxed elementor-section-height-default elementor-section-height-default\" data-id=\"9a8da72\" data-element_type=\"section\">\n\t\t\t\t\t\t<div class=\"elementor-container elementor-column-gap-default\">\n\t\t\t\t\t<div class=\"elementor-column elementor-col-100 elementor-top-column elementor-element elementor-element-0564dee textoLegible\" data-id=\"0564dee\" data-element_type=\"column\">\n\t\t\t<div class=\"elementor-widget-wrap elementor-element-populated\">\n\t\t\t\t\t\t\t\t<div class=\"elementor-element elementor-element-eea317b animated-slow elementor-invisible elementor-widget elementor-widget-text-editor\" data-id=\"eea317b\" data-element_type=\"widget\" data-settings=\"{&quot;_animation&quot;:&quot;fadeInUp&quot;}\" data-widget_type=\"text-editor.default\">\n\t\t\t\t<div class=\"elementor-widget-container\">\n\t\t\t\t\t\t\t<p class=\"MsoNormal\">Our policy is to be flexible with the needs of each client. We provide an <b style=\"mso-bidi-font-weight: normal;\">adequate, efficient and fast service<\/b>. We try to meet the demands of our customers as a way of understanding the logistics business.<\/p><br><p class=\"MsoNormal\">Our mission is to position the goods at destination in the shortest possible time, guaranteeing the correct delivery for the optimisation of our customers' results.<\/p><br><p class=\"MsoNormal\">Our <b style=\"mso-bidi-font-weight: normal;\">Management System is continuously improved<\/b> and updated for greater and more precise efficiency. This ensures strong and stable pillars that serve as a permanent framework for reviewing our quality objectives.<\/p><br>\n<p class=\"MsoNormal translation-block\">Transport and logistics have been forced to undergo major changes in order to respond to the requests and demands of our customers, which has given us a better understanding of the main international transport markets.<\/p><br>\n<p class=\"MsoNormal\">The permanent transformation of the situation and reality of transport is constantly changing. We adapt our philosophy and technical means <b style=\"mso-bidi-font-weight: normal;\">to better optimise resources.<\/b>.<\/p>\n<br><p class=\"MsoNormal\"><b style=\"mso-bidi-font-weight: normal;\">The specialisation of our employees<\/b> and continuous training allows Solditrans to be constantly evolving. Our staff can provide solutions to the main logistical and transport issues and can provide service in different languages: English, French, German and Spanish.<\/p><br>\n<p class=\"MsoNormal\">We manage our export and import services from our headquarters in Molina de Segura, the birthplace of national and international transport companies in the Region of Murcia.<\/p>\t\t\t\t\t\t<\/div>\n\t\t\t\t<\/div>\n\t\t\t\t\t<\/div>\n\t\t<\/div>\n\t\t\t\t\t\t\t<\/div>\n\t\t<\/section>\n\t\t\t\t<section class=\"elementor-section elementor-top-section elementor-element elementor-element-6162e13 elementor-section-boxed elementor-section-height-default elementor-section-height-default\" data-id=\"6162e13\" data-element_type=\"section\" data-settings=\"{&quot;background_background&quot;:&quot;classic&quot;}\">\n\t\t\t\t\t\t\t<div class=\"elementor-background-overlay\"><\/div>\n\t\t\t\t\t\t\t<div class=\"elementor-container elementor-column-gap-default\">\n\t\t\t\t\t<div class=\"elementor-column elementor-col-100 elementor-top-column elementor-element elementor-element-6a27598 textoLegible\" data-id=\"6a27598\" data-element_type=\"column\">\n\t\t\t<div class=\"elementor-widget-wrap elementor-element-populated\">\n\t\t\t\t\t\t\t\t<div class=\"elementor-element elementor-element-8f4325f animated-slow elementor-invisible elementor-widget elementor-widget-heading\" data-id=\"8f4325f\" data-element_type=\"widget\" data-settings=\"{&quot;_animation&quot;:&quot;fadeInUp&quot;}\" data-widget_type=\"heading.default\">\n\t\t\t\t<div class=\"elementor-widget-container\">\n\t\t\t<h2 class=\"elementor-heading-title elementor-size-default\">Would you like us to calculate a quote for your cargo?<\/h2>\t\t<\/div>\n\t\t\t\t<\/div>\n\t\t\t\t<div class=\"elementor-element elementor-element-baad0c5 elementor-align-center animated-slow elementor-invisible elementor-widget elementor-widget-button\" data-id=\"baad0c5\" data-element_type=\"widget\" data-settings=\"{&quot;_animation&quot;:&quot;fadeInUp&quot;,&quot;_animation_delay&quot;:200}\" data-widget_type=\"button.default\">\n\t\t\t\t<div class=\"elementor-widget-container\">\n\t\t\t\t\t<div class=\"elementor-button-wrapper\">\n\t\t\t<a href=\"https:\/\/fergamar.com\/en\/#presupuesto\" class=\"elementor-button-link elementor-button elementor-size-lg\" role=\"button\">\n\t\t\t\t\t\t<span class=\"elementor-button-content-wrapper\">\n\t\t\t\t\t\t<span class=\"elementor-button-text\">Budget<\/span>\n\t\t<\/span>\n\t\t\t\t\t<\/a>\n\t\t<\/div>\n\t\t\t\t<\/div>\n\t\t\t\t<\/div>\n\t\t\t\t\t<\/div>\n\t\t<\/div>\n\t\t\t\t\t\t\t<\/div>\n\t\t<\/section>\n\t\t\t\t\t\t\t<\/div>","protected":false},"excerpt":{"rendered":"<p>Logistica FERGAMAR La idea principal de Fergamar es ofrecer un servicio log\u00edstico que integre una gama completa en cuestiones log\u00edsticas, de transporte y distribuci\u00f3n que se adec\u00fae a las necesidades de cada cliente. A trav\u00e9s del refuerzo de nuestras rutas principales hacia el norte de Europa, aumentando los flujos de transporte a nuestros principales destinos [&hellip;]<\/p>","protected":false},"author":3,"featured_media":0,"parent":0,"menu_order":0,"comment_status":"closed","ping_status":"closed","template":"elementor_header_footer","meta":{"footnotes":""},"class_list":["post-1205","page","type-page","status-publish","hentry"],"yoast_head":"<!-- This site is optimized with the Yoast SEO plugin v20.1 - https:\/\/yoast.com\/wordpress\/plugins\/seo\/ -->\n<title>Empresa transporte internacional carretera en Murcia | Fergamar<\/title>\n<meta name=\"description\" content=\"Ofrecemos un servicio log\u00edstico, de transporte y distribuci\u00f3n internacional frigor\u00edfico terrestre adecuado a las necesidades de cada cliente.\" \/>\n<meta name=\"robots\" content=\"index, follow, max-snippet:-1, max-image-preview:large, max-video-preview:-1\" \/>\n<link rel=\"canonical\" href=\"https:\/\/fergamar.com\/en\/empresa\/\" \/>\n<meta property=\"og:locale\" content=\"en_GB\" \/>\n<meta property=\"og:type\" content=\"article\" \/>\n<meta property=\"og:title\" content=\"Empresa transporte internacional carretera en Murcia | Fergamar\" \/>\n<meta property=\"og:description\" content=\"Ofrecemos un servicio log\u00edstico, de transporte y distribuci\u00f3n internacional frigor\u00edfico terrestre adecuado a las necesidades de cada cliente.\" \/>\n<meta property=\"og:url\" content=\"https:\/\/fergamar.com\/en\/empresa\/\" \/>\n<meta property=\"og:site_name\" content=\"Fergamar\" \/>\n<meta property=\"article:modified_time\" content=\"2024-02-19T12:41:06+00:00\" \/>\n<meta property=\"og:image\" content=\"https:\/\/fergamar.com\/wp-content\/uploads\/2023\/02\/fergamar-transporte-internacional.jpg\" \/>\n<meta name=\"twitter:card\" content=\"summary_large_image\" \/>\n<meta name=\"twitter:label1\" content=\"Estimated reading time\" \/>\n\t<meta name=\"twitter:data1\" content=\"2 minutes\" \/>\n<script type=\"application\/ld+json\" class=\"yoast-schema-graph\">{\"@context\":\"https:\/\/schema.org\",\"@graph\":[{\"@type\":\"WebPage\",\"@id\":\"https:\/\/fergamar.com\/empresa\/\",\"url\":\"https:\/\/fergamar.com\/empresa\/\",\"name\":\"Empresa transporte internacional carretera en Murcia | Fergamar\",\"isPartOf\":{\"@id\":\"https:\/\/fergamar.com\/#website\"},\"datePublished\":\"2022-04-05T05:53:00+00:00\",\"dateModified\":\"2024-02-19T12:41:06+00:00\",\"description\":\"Ofrecemos un servicio log\u00edstico, de transporte y distribuci\u00f3n internacional frigor\u00edfico terrestre adecuado a las necesidades de cada cliente.\",\"breadcrumb\":{\"@id\":\"https:\/\/fergamar.com\/empresa\/#breadcrumb\"},\"inLanguage\":\"en-GB\",\"potentialAction\":[{\"@type\":\"ReadAction\",\"target\":[\"https:\/\/fergamar.com\/empresa\/\"]}]},{\"@type\":\"BreadcrumbList\",\"@id\":\"https:\/\/fergamar.com\/empresa\/#breadcrumb\",\"itemListElement\":[{\"@type\":\"ListItem\",\"position\":1,\"name\":\"Portada\",\"item\":\"https:\/\/fergamar.com\/\"},{\"@type\":\"ListItem\",\"position\":2,\"name\":\"EMPRESA TRANSPORTE INTERNACIONAL\"}]},{\"@type\":\"WebSite\",\"@id\":\"https:\/\/fergamar.com\/#website\",\"url\":\"https:\/\/fergamar.com\/\",\"name\":\"Fergamar\",\"description\":\"Otro sitio realizado con WordPress\",\"potentialAction\":[{\"@type\":\"SearchAction\",\"target\":{\"@type\":\"EntryPoint\",\"urlTemplate\":\"https:\/\/fergamar.com\/?s={search_term_string}\"},\"query-input\":\"required name=search_term_string\"}],\"inLanguage\":\"en-GB\"}]}<\/script>\n<!-- \/ Yoast SEO plugin. -->","yoast_head_json":{"title":"Empresa transporte internacional carretera en Murcia | Fergamar","description":"Ofrecemos un servicio log\u00edstico, de transporte y distribuci\u00f3n internacional frigor\u00edfico terrestre adecuado a las necesidades de cada cliente.","robots":{"index":"index","follow":"follow","max-snippet":"max-snippet:-1","max-image-preview":"max-image-preview:large","max-video-preview":"max-video-preview:-1"},"canonical":"https:\/\/fergamar.com\/en\/empresa\/","og_locale":"en_GB","og_type":"article","og_title":"Empresa transporte internacional carretera en Murcia | Fergamar","og_description":"Ofrecemos un servicio log\u00edstico, de transporte y distribuci\u00f3n internacional frigor\u00edfico terrestre adecuado a las necesidades de cada cliente.","og_url":"https:\/\/fergamar.com\/en\/empresa\/","og_site_name":"Fergamar","article_modified_time":"2024-02-19T12:41:06+00:00","og_image":[{"url":"https:\/\/fergamar.com\/wp-content\/uploads\/2023\/02\/fergamar-transporte-internacional.jpg"}],"twitter_card":"summary_large_image","twitter_misc":{"Estimated reading time":"2 minutes"},"schema":{"@context":"https:\/\/schema.org","@graph":[{"@type":"WebPage","@id":"https:\/\/fergamar.com\/empresa\/","url":"https:\/\/fergamar.com\/empresa\/","name":"Empresa transporte internacional carretera en Murcia | Fergamar","isPartOf":{"@id":"https:\/\/fergamar.com\/#website"},"datePublished":"2022-04-05T05:53:00+00:00","dateModified":"2024-02-19T12:41:06+00:00","description":"Ofrecemos un servicio log\u00edstico, de transporte y distribuci\u00f3n internacional frigor\u00edfico terrestre adecuado a las necesidades de cada cliente.","breadcrumb":{"@id":"https:\/\/fergamar.com\/empresa\/#breadcrumb"},"inLanguage":"en-GB","potentialAction":[{"@type":"ReadAction","target":["https:\/\/fergamar.com\/empresa\/"]}]},{"@type":"BreadcrumbList","@id":"https:\/\/fergamar.com\/empresa\/#breadcrumb","itemListElement":[{"@type":"ListItem","position":1,"name":"Portada","item":"https:\/\/fergamar.com\/"},{"@type":"ListItem","position":2,"name":"EMPRESA TRANSPORTE INTERNACIONAL"}]},{"@type":"WebSite","@id":"https:\/\/fergamar.com\/#website","url":"https:\/\/fergamar.com\/","name":"Fergamar","description":"Otro sitio realizado con WordPress","potentialAction":[{"@type":"SearchAction","target":{"@type":"EntryPoint","urlTemplate":"https:\/\/fergamar.com\/?s={search_term_string}"},"query-input":"required name=search_term_string"}],"inLanguage":"en-GB"}]}},"acf":[],"_links":{"self":[{"href":"https:\/\/fergamar.com\/en\/wp-json\/wp\/v2\/pages\/1205","targetHints":{"allow":["GET"]}}],"collection":[{"href":"https:\/\/fergamar.com\/en\/wp-json\/wp\/v2\/pages"}],"about":[{"href":"https:\/\/fergamar.com\/en\/wp-json\/wp\/v2\/types\/page"}],"author":[{"embeddable":true,"href":"https:\/\/fergamar.com\/en\/wp-json\/wp\/v2\/users\/3"}],"replies":[{"embeddable":true,"href":"https:\/\/fergamar.com\/en\/wp-json\/wp\/v2\/comments?post=1205"}],"version-history":[{"count":74,"href":"https:\/\/fergamar.com\/en\/wp-json\/wp\/v2\/pages\/1205\/revisions"}],"predecessor-version":[{"id":2930,"href":"https:\/\/fergamar.com\/en\/wp-json\/wp\/v2\/pages\/1205\/revisions\/2930"}],"wp:attachment":[{"href":"https:\/\/fergamar.com\/en\/wp-json\/wp\/v2\/media?parent=1205"}],"curies":[{"name":"wp","href":"https:\/\/api.w.org\/{rel}","templated":true}]}}