{"id":1227,"date":"2022-04-05T15:56:40","date_gmt":"2022-04-05T15:56:40","guid":{"rendered":"https:\/\/codexpeed.com\/transland\/?page_id=1227"},"modified":"2024-02-19T12:32:43","modified_gmt":"2024-02-19T12:32:43","slug":"destinos-origenes","status":"publish","type":"page","link":"https:\/\/fergamar.com\/en\/destinos-origenes\/","title":{"rendered":"Destinations\/Origins"},"content":{"rendered":"<div data-elementor-type=\"wp-page\" data-elementor-id=\"1227\" class=\"elementor elementor-1227\">\n\t\t\t\t\t\t\t\t\t<section class=\"elementor-section elementor-top-section elementor-element elementor-element-f095701 animated-slow elementor-section-boxed elementor-section-height-default elementor-section-height-default elementor-invisible\" data-id=\"f095701\" data-element_type=\"section\" data-settings=\"{&quot;animation&quot;:&quot;fadeInUp&quot;}\">\n\t\t\t\t\t\t<div class=\"elementor-container elementor-column-gap-default\">\n\t\t\t\t\t<div class=\"elementor-column elementor-col-100 elementor-top-column elementor-element elementor-element-54d3a96\" data-id=\"54d3a96\" data-element_type=\"column\">\n\t\t\t<div class=\"elementor-widget-wrap elementor-element-populated\">\n\t\t\t\t\t\t\t\t<div class=\"elementor-element elementor-element-6a042cd elementor-widget elementor-widget-text-editor\" data-id=\"6a042cd\" data-element_type=\"widget\" data-widget_type=\"text-editor.default\">\n\t\t\t\t<div class=\"elementor-widget-container\">\n\t\t\t<style>\/*! elementor - v3.11.1 - 15-02-2023 *\/\n.elementor-widget-text-editor.elementor-drop-cap-view-stacked .elementor-drop-cap{background-color:#818a91;color:#fff}.elementor-widget-text-editor.elementor-drop-cap-view-framed .elementor-drop-cap{color:#818a91;border:3px solid;background-color:transparent}.elementor-widget-text-editor:not(.elementor-drop-cap-view-default) .elementor-drop-cap{margin-top:8px}.elementor-widget-text-editor:not(.elementor-drop-cap-view-default) .elementor-drop-cap-letter{width:1em;height:1em}.elementor-widget-text-editor .elementor-drop-cap{float:left;text-align:center;line-height:1;font-size:50px}.elementor-widget-text-editor .elementor-drop-cap-letter{display:inline-block}<\/style>\t\t\t\t<p><b>Fergamar<\/b>\u00a0guarantees that your goods will be delivered to any destination in Europe and on the date indicated for the <b>well-being of your business<\/b>. The most common destinations for our vehicles are France, Portugal, Belgium, Holland, the United Kingdom, Germany, Denmark... These countries have marked the beginning of our activity, as well as the development of our experience and know-how.<\/p><p>Poland, Lithuania, Slovakia, Slovenia, Czech Republic, Hungary, Romania... have become our new horizons and markets. We apply the knowledge acquired in the effectiveness of transport adapting to these new scenarios. All this accompanied <b>a change of business policy<\/b> to consolidate our position in the emerging countries of Eastern Europe.<\/p><p>We have the <b>flexibility to consolidate your cargo<\/b>, grouping your different goods by picking them up at different loading points. Or, if required, we can also adapt to multiple deliveries.<\/p>\t\t\t\t\t\t<\/div>\n\t\t\t\t<\/div>\n\t\t\t\t\t<\/div>\n\t\t<\/div>\n\t\t\t\t\t\t\t<\/div>\n\t\t<\/section>\n\t\t\t\t<section class=\"elementor-section elementor-top-section elementor-element elementor-element-4ee66d95 elementor-section-boxed elementor-section-height-default elementor-section-height-default\" data-id=\"4ee66d95\" data-element_type=\"section\" data-settings=\"{&quot;background_background&quot;:&quot;classic&quot;}\">\n\t\t\t\t\t\t<div class=\"elementor-container elementor-column-gap-default\">\n\t\t\t\t\t<div class=\"elementor-column elementor-col-50 elementor-top-column elementor-element elementor-element-536fa6e2 animated-slow elementor-invisible\" data-id=\"536fa6e2\" data-element_type=\"column\" data-settings=\"{&quot;animation&quot;:&quot;fadeInLeft&quot;}\">\n\t\t\t<div class=\"elementor-widget-wrap elementor-element-populated\">\n\t\t\t\t\t\t\t\t<div class=\"elementor-element elementor-element-72f75850 elementor-widget elementor-widget-image\" data-id=\"72f75850\" data-element_type=\"widget\" data-widget_type=\"image.default\">\n\t\t\t\t<div class=\"elementor-widget-container\">\n\t\t\t<style>\/*! elementor - v3.11.1 - 15-02-2023 *\/\n.elementor-widget-image{text-align:center}.elementor-widget-image a{display:inline-block}.elementor-widget-image a img[src$=\".svg\"]{width:48px}.elementor-widget-image img{vertical-align:middle;display:inline-block}<\/style>\t\t\t\t\t\t\t\t\t\t\t\t<img title=\"Destinos Transporte En Europa\" loading=\"lazy\" decoding=\"async\" width=\"722\" height=\"722\" src=\"https:\/\/fergamar.com\/wp-content\/uploads\/2023\/02\/mapa-destinos-1.png\" class=\"attachment-large size-large wp-image-2828\" alt=\"Mapa Destinos 1\" srcset=\"https:\/\/fergamar.com\/wp-content\/uploads\/2023\/02\/mapa-destinos-1.png 722w, https:\/\/fergamar.com\/wp-content\/uploads\/2023\/02\/mapa-destinos-1-300x300.png 300w, https:\/\/fergamar.com\/wp-content\/uploads\/2023\/02\/mapa-destinos-1-150x150.png 150w, https:\/\/fergamar.com\/wp-content\/uploads\/2023\/02\/mapa-destinos-1-12x12.png 12w, https:\/\/fergamar.com\/wp-content\/uploads\/2023\/02\/mapa-destinos-1-600x600.png 600w, https:\/\/fergamar.com\/wp-content\/uploads\/2023\/02\/mapa-destinos-1-100x100.png 100w\" sizes=\"auto, (max-width: 722px) 100vw, 722px\" \/>\t\t\t\t\t\t\t\t\t\t\t\t\t\t\t<\/div>\n\t\t\t\t<\/div>\n\t\t\t\t\t<\/div>\n\t\t<\/div>\n\t\t\t\t<div class=\"elementor-column elementor-col-50 elementor-top-column elementor-element elementor-element-70d313d2\" data-id=\"70d313d2\" data-element_type=\"column\">\n\t\t\t<div class=\"elementor-widget-wrap elementor-element-populated\">\n\t\t\t\t\t\t\t\t<div class=\"elementor-element elementor-element-4efbe0a3 animated-slow elementor-invisible elementor-widget elementor-widget-html\" data-id=\"4efbe0a3\" data-element_type=\"widget\" data-settings=\"{&quot;_animation&quot;:&quot;fadeInRight&quot;,&quot;_animation_delay&quot;:200}\" data-widget_type=\"html.default\">\n\t\t\t\t<div class=\"elementor-widget-container\">\n\t\t\t<table class=\"tabla-destinos\" id=\"tabla-home\">\r\n  <tr>\r\n    <td><img title=\"Gps\" alt=\"Gps\" decoding=\"async\" src=\"https:\/\/fergamar.com\/wp-content\/uploads\/2022\/08\/gps.png\"><span>Fergamar Headquarters<\/span><\/td>\r\n  <\/tr>\r\n  <tr>\r\n    <td><img title=\"Pin\" alt=\"Pin\" decoding=\"async\" src=\"https:\/\/fergamar.com\/wp-content\/uploads\/2022\/08\/pin.png\"><span>Transhipment points<\/span><\/td>\r\n  <\/tr>\r\n  <tr>\r\n    <td><img title=\"Point\" alt=\"Point\" decoding=\"async\" src=\"https:\/\/fergamar.com\/wp-content\/uploads\/2022\/08\/point.png\"><span>Usual Destinations\/Origins<\/span><\/td>\r\n  <\/tr>\r\n<\/table>\t\t<\/div>\n\t\t\t\t<\/div>\n\t\t\t\t\t<\/div>\n\t\t<\/div>\n\t\t\t\t\t\t\t<\/div>\n\t\t<\/section>\n\t\t\t\t<section class=\"elementor-section elementor-top-section elementor-element elementor-element-e12dc38 animated-slow elementor-section-boxed elementor-section-height-default elementor-section-height-default elementor-invisible\" data-id=\"e12dc38\" data-element_type=\"section\" data-settings=\"{&quot;animation&quot;:&quot;fadeInUp&quot;}\">\n\t\t\t\t\t\t<div class=\"elementor-container elementor-column-gap-default\">\n\t\t\t\t\t<div class=\"elementor-column elementor-col-100 elementor-top-column elementor-element elementor-element-d449a9e\" data-id=\"d449a9e\" data-element_type=\"column\">\n\t\t\t<div class=\"elementor-widget-wrap elementor-element-populated\">\n\t\t\t\t\t\t\t\t<div class=\"elementor-element elementor-element-58aeaf1 elementor-widget elementor-widget-text-editor\" data-id=\"58aeaf1\" data-element_type=\"widget\" data-widget_type=\"text-editor.default\">\n\t\t\t\t<div class=\"elementor-widget-container\">\n\t\t\t\t\t\t\t<p>Through our <b>refrigerated goods transhipment points<\/b> in Barcelona, Tudela, Madrid and the south of France (Perpignan and Avignon), we improve and adapt to the needs of our customers, maintaining the optimum quality of the cargo.  The professionalism of the logistics in the groupage platforms in Madrid and Barcelona improves the distribution at national level.<\/p><p>In addition to <b>export<\/b>we also offer an <b>import service<\/b>. All our destinations become the origin of new trips.<\/p><p><b>Fergamar Log\u00edstica<\/b> se ha ido afianzando como transportista en el desarrollo de tr\u00e1fico de <b>mercanc\u00edas perecederas, refrigeradas y congeladas<\/b> hacia Europa del Este. No dude por ello en contactar con nuestro departamento comercial o de Tr\u00e1fico para obtener su mejor cotizaci\u00f3n, con el coste m\u00e1s competitivo y adaptado a los requerimientos y est\u00e1ndares de calidad m\u00e1s exigentes del mercado log\u00edstico.<\/p>\t\t\t\t\t\t<\/div>\n\t\t\t\t<\/div>\n\t\t\t\t\t<\/div>\n\t\t<\/div>\n\t\t\t\t\t\t\t<\/div>\n\t\t<\/section>\n\t\t\t\t<section class=\"elementor-section elementor-top-section elementor-element elementor-element-12a390 elementor-section-full_width elementor-section-height-default elementor-section-height-default\" data-id=\"12a390\" data-element_type=\"section\" data-settings=\"{&quot;background_background&quot;:&quot;classic&quot;}\">\n\t\t\t\t\t\t\t<div class=\"elementor-background-overlay\"><\/div>\n\t\t\t\t\t\t\t<div class=\"elementor-container elementor-column-gap-default\">\n\t\t\t\t\t<div class=\"elementor-column elementor-col-100 elementor-top-column elementor-element elementor-element-1a10fd49\" data-id=\"1a10fd49\" data-element_type=\"column\">\n\t\t\t<div class=\"elementor-widget-wrap elementor-element-populated\">\n\t\t\t\t\t\t\t\t<section class=\"elementor-section elementor-inner-section elementor-element elementor-element-464bc98 elementor-section-boxed elementor-section-height-default elementor-section-height-default\" data-id=\"464bc98\" data-element_type=\"section\">\n\t\t\t\t\t\t<div class=\"elementor-container elementor-column-gap-default\">\n\t\t\t\t\t<div class=\"elementor-column elementor-col-100 elementor-inner-column elementor-element elementor-element-9f6bca9\" data-id=\"9f6bca9\" data-element_type=\"column\">\n\t\t\t<div class=\"elementor-widget-wrap elementor-element-populated\">\n\t\t\t\t\t\t\t\t<div class=\"elementor-element elementor-element-680bbe43 animated-slow elementor-invisible elementor-widget elementor-widget-heading\" data-id=\"680bbe43\" data-element_type=\"widget\" data-settings=\"{&quot;_animation&quot;:&quot;fadeInUp&quot;}\" data-widget_type=\"heading.default\">\n\t\t\t\t<div class=\"elementor-widget-container\">\n\t\t\t<style>\/*! elementor - v3.11.1 - 15-02-2023 *\/\n.elementor-heading-title{padding:0;margin:0;line-height:1}.elementor-widget-heading .elementor-heading-title[class*=elementor-size-]>a{color:inherit;font-size:inherit;line-height:inherit}.elementor-widget-heading .elementor-heading-title.elementor-size-small{font-size:15px}.elementor-widget-heading .elementor-heading-title.elementor-size-medium{font-size:19px}.elementor-widget-heading .elementor-heading-title.elementor-size-large{font-size:29px}.elementor-widget-heading .elementor-heading-title.elementor-size-xl{font-size:39px}.elementor-widget-heading .elementor-heading-title.elementor-size-xxl{font-size:59px}<\/style><h2 class=\"elementor-heading-title elementor-size-default\">Would you like us to calculate a quote for your cargo?<\/h2>\t\t<\/div>\n\t\t\t\t<\/div>\n\t\t\t\t<div class=\"elementor-element elementor-element-e68807c elementor-align-center animated-slow elementor-invisible elementor-widget elementor-widget-button\" data-id=\"e68807c\" data-element_type=\"widget\" data-settings=\"{&quot;_animation&quot;:&quot;fadeInUp&quot;,&quot;_animation_delay&quot;:200}\" data-widget_type=\"button.default\">\n\t\t\t\t<div class=\"elementor-widget-container\">\n\t\t\t\t\t<div class=\"elementor-button-wrapper\">\n\t\t\t<a href=\"https:\/\/fergamar.com\/en\/#presupuesto\" class=\"elementor-button-link elementor-button elementor-size-lg\" role=\"button\">\n\t\t\t\t\t\t<span class=\"elementor-button-content-wrapper\">\n\t\t\t\t\t\t<span class=\"elementor-button-text\">Budget<\/span>\n\t\t<\/span>\n\t\t\t\t\t<\/a>\n\t\t<\/div>\n\t\t\t\t<\/div>\n\t\t\t\t<\/div>\n\t\t\t\t\t<\/div>\n\t\t<\/div>\n\t\t\t\t\t\t\t<\/div>\n\t\t<\/section>\n\t\t\t\t\t<\/div>\n\t\t<\/div>\n\t\t\t\t\t\t\t<\/div>\n\t\t<\/section>\n\t\t\t\t\t\t\t<\/div>","protected":false},"excerpt":{"rendered":"<p>Fergamar&nbsp;garantiza que su mercanc\u00eda ser\u00e1 entregada en cualquier destino de Europa y en la fecha indicada para el bienestar de su negocio. Los destinos m\u00e1s habituales de nuestros veh\u00edculos son Francia, Portugal, B\u00e9lgica, Holanda, Reino Unido, Alemania, Dinamarca\u2026 Estos pa\u00edses han marcado el inicio de nuestra actividad, as\u00ed como el desarrollo de nuestra experiencia y [&hellip;]<\/p>","protected":false},"author":3,"featured_media":0,"parent":0,"menu_order":0,"comment_status":"closed","ping_status":"closed","template":"elementor_header_footer","meta":{"footnotes":""},"class_list":["post-1227","page","type-page","status-publish","hentry"],"yoast_head":"<!-- This site is optimized with the Yoast SEO plugin v20.1 - https:\/\/yoast.com\/wordpress\/plugins\/seo\/ -->\n<title>Destinos transporte internacional Murcia - Fergamar<\/title>\n<meta name=\"description\" content=\"Empresa de transporte internacional frigor\u00edfico terrestre en Murcia. Nos adecuamos a las necesidades de cada cliente.\" \/>\n<meta name=\"robots\" content=\"index, follow, max-snippet:-1, max-image-preview:large, max-video-preview:-1\" \/>\n<link rel=\"canonical\" href=\"https:\/\/fergamar.com\/en\/destinos-origenes\/\" \/>\n<meta property=\"og:locale\" content=\"en_GB\" \/>\n<meta property=\"og:type\" content=\"article\" \/>\n<meta property=\"og:title\" content=\"Destinos transporte internacional Murcia - Fergamar\" \/>\n<meta property=\"og:description\" content=\"Empresa de transporte internacional frigor\u00edfico terrestre en Murcia. Nos adecuamos a las necesidades de cada cliente.\" \/>\n<meta property=\"og:url\" content=\"https:\/\/fergamar.com\/en\/destinos-origenes\/\" \/>\n<meta property=\"og:site_name\" content=\"Fergamar\" \/>\n<meta property=\"article:modified_time\" content=\"2024-02-19T12:32:43+00:00\" \/>\n<meta property=\"og:image\" content=\"https:\/\/dev.maicrosoft.eu\/fergamar\/wp-content\/uploads\/2023\/02\/mapa-destinos-1.png\" \/>\n<meta name=\"twitter:card\" content=\"summary_large_image\" \/>\n<meta name=\"twitter:label1\" content=\"Estimated reading time\" \/>\n\t<meta name=\"twitter:data1\" content=\"3 minutes\" \/>\n<script type=\"application\/ld+json\" class=\"yoast-schema-graph\">{\"@context\":\"https:\/\/schema.org\",\"@graph\":[{\"@type\":\"WebPage\",\"@id\":\"https:\/\/fergamar.com\/destinos-origenes\/\",\"url\":\"https:\/\/fergamar.com\/destinos-origenes\/\",\"name\":\"Destinos transporte internacional Murcia - Fergamar\",\"isPartOf\":{\"@id\":\"https:\/\/fergamar.com\/#website\"},\"datePublished\":\"2022-04-05T15:56:40+00:00\",\"dateModified\":\"2024-02-19T12:32:43+00:00\",\"description\":\"Empresa de transporte internacional frigor\u00edfico terrestre en Murcia. Nos adecuamos a las necesidades de cada cliente.\",\"breadcrumb\":{\"@id\":\"https:\/\/fergamar.com\/destinos-origenes\/#breadcrumb\"},\"inLanguage\":\"en-GB\",\"potentialAction\":[{\"@type\":\"ReadAction\",\"target\":[\"https:\/\/fergamar.com\/destinos-origenes\/\"]}]},{\"@type\":\"BreadcrumbList\",\"@id\":\"https:\/\/fergamar.com\/destinos-origenes\/#breadcrumb\",\"itemListElement\":[{\"@type\":\"ListItem\",\"position\":1,\"name\":\"Portada\",\"item\":\"https:\/\/fergamar.com\/\"},{\"@type\":\"ListItem\",\"position\":2,\"name\":\"Destinos\/Origenes\"}]},{\"@type\":\"WebSite\",\"@id\":\"https:\/\/fergamar.com\/#website\",\"url\":\"https:\/\/fergamar.com\/\",\"name\":\"Fergamar\",\"description\":\"Otro sitio realizado con WordPress\",\"potentialAction\":[{\"@type\":\"SearchAction\",\"target\":{\"@type\":\"EntryPoint\",\"urlTemplate\":\"https:\/\/fergamar.com\/?s={search_term_string}\"},\"query-input\":\"required name=search_term_string\"}],\"inLanguage\":\"en-GB\"}]}<\/script>\n<!-- \/ Yoast SEO plugin. -->","yoast_head_json":{"title":"Destinos transporte internacional Murcia - Fergamar","description":"Empresa de transporte internacional frigor\u00edfico terrestre en Murcia. Nos adecuamos a las necesidades de cada cliente.","robots":{"index":"index","follow":"follow","max-snippet":"max-snippet:-1","max-image-preview":"max-image-preview:large","max-video-preview":"max-video-preview:-1"},"canonical":"https:\/\/fergamar.com\/en\/destinos-origenes\/","og_locale":"en_GB","og_type":"article","og_title":"Destinos transporte internacional Murcia - Fergamar","og_description":"Empresa de transporte internacional frigor\u00edfico terrestre en Murcia. Nos adecuamos a las necesidades de cada cliente.","og_url":"https:\/\/fergamar.com\/en\/destinos-origenes\/","og_site_name":"Fergamar","article_modified_time":"2024-02-19T12:32:43+00:00","og_image":[{"url":"https:\/\/dev.maicrosoft.eu\/fergamar\/wp-content\/uploads\/2023\/02\/mapa-destinos-1.png"}],"twitter_card":"summary_large_image","twitter_misc":{"Estimated reading time":"3 minutes"},"schema":{"@context":"https:\/\/schema.org","@graph":[{"@type":"WebPage","@id":"https:\/\/fergamar.com\/destinos-origenes\/","url":"https:\/\/fergamar.com\/destinos-origenes\/","name":"Destinos transporte internacional Murcia - Fergamar","isPartOf":{"@id":"https:\/\/fergamar.com\/#website"},"datePublished":"2022-04-05T15:56:40+00:00","dateModified":"2024-02-19T12:32:43+00:00","description":"Empresa de transporte internacional frigor\u00edfico terrestre en Murcia. Nos adecuamos a las necesidades de cada cliente.","breadcrumb":{"@id":"https:\/\/fergamar.com\/destinos-origenes\/#breadcrumb"},"inLanguage":"en-GB","potentialAction":[{"@type":"ReadAction","target":["https:\/\/fergamar.com\/destinos-origenes\/"]}]},{"@type":"BreadcrumbList","@id":"https:\/\/fergamar.com\/destinos-origenes\/#breadcrumb","itemListElement":[{"@type":"ListItem","position":1,"name":"Portada","item":"https:\/\/fergamar.com\/"},{"@type":"ListItem","position":2,"name":"Destinos\/Origenes"}]},{"@type":"WebSite","@id":"https:\/\/fergamar.com\/#website","url":"https:\/\/fergamar.com\/","name":"Fergamar","description":"Otro sitio realizado con WordPress","potentialAction":[{"@type":"SearchAction","target":{"@type":"EntryPoint","urlTemplate":"https:\/\/fergamar.com\/?s={search_term_string}"},"query-input":"required name=search_term_string"}],"inLanguage":"en-GB"}]}},"acf":[],"_links":{"self":[{"href":"https:\/\/fergamar.com\/en\/wp-json\/wp\/v2\/pages\/1227","targetHints":{"allow":["GET"]}}],"collection":[{"href":"https:\/\/fergamar.com\/en\/wp-json\/wp\/v2\/pages"}],"about":[{"href":"https:\/\/fergamar.com\/en\/wp-json\/wp\/v2\/types\/page"}],"author":[{"embeddable":true,"href":"https:\/\/fergamar.com\/en\/wp-json\/wp\/v2\/users\/3"}],"replies":[{"embeddable":true,"href":"https:\/\/fergamar.com\/en\/wp-json\/wp\/v2\/comments?post=1227"}],"version-history":[{"count":57,"href":"https:\/\/fergamar.com\/en\/wp-json\/wp\/v2\/pages\/1227\/revisions"}],"predecessor-version":[{"id":2929,"href":"https:\/\/fergamar.com\/en\/wp-json\/wp\/v2\/pages\/1227\/revisions\/2929"}],"wp:attachment":[{"href":"https:\/\/fergamar.com\/en\/wp-json\/wp\/v2\/media?parent=1227"}],"curies":[{"name":"wp","href":"https:\/\/api.w.org\/{rel}","templated":true}]}}