{"id":1285,"date":"2022-04-08T23:00:46","date_gmt":"2022-04-08T23:00:46","guid":{"rendered":"https:\/\/codexpeed.com\/transland\/?page_id=1285"},"modified":"2024-02-19T12:43:03","modified_gmt":"2024-02-19T12:43:03","slug":"mercancias","status":"publish","type":"page","link":"https:\/\/fergamar.com\/en\/mercancias\/","title":{"rendered":"Transporte frigor\u00edfico de alimentos"},"content":{"rendered":"<div data-elementor-type=\"wp-page\" data-elementor-id=\"1285\" class=\"elementor elementor-1285\">\n\t\t\t\t\t\t\t\t\t<section class=\"elementor-section elementor-top-section elementor-element elementor-element-943b1a6 animated-slow elementor-section-boxed elementor-section-height-default elementor-section-height-default elementor-invisible\" data-id=\"943b1a6\" data-element_type=\"section\" data-settings=\"{&quot;animation&quot;:&quot;fadeInUp&quot;}\">\n\t\t\t\t\t\t<div class=\"elementor-container elementor-column-gap-default\">\n\t\t\t\t\t<div class=\"elementor-column elementor-col-100 elementor-top-column elementor-element elementor-element-54b0e68\" data-id=\"54b0e68\" data-element_type=\"column\">\n\t\t\t<div class=\"elementor-widget-wrap elementor-element-populated\">\n\t\t\t\t\t\t\t\t<div class=\"elementor-element elementor-element-25766f0 elementor-widget elementor-widget-text-editor\" data-id=\"25766f0\" data-element_type=\"widget\" data-widget_type=\"text-editor.default\">\n\t\t\t\t<div class=\"elementor-widget-container\">\n\t\t\t<style>\/*! elementor - v3.11.1 - 15-02-2023 *\/\n.elementor-widget-text-editor.elementor-drop-cap-view-stacked .elementor-drop-cap{background-color:#818a91;color:#fff}.elementor-widget-text-editor.elementor-drop-cap-view-framed .elementor-drop-cap{color:#818a91;border:3px solid;background-color:transparent}.elementor-widget-text-editor:not(.elementor-drop-cap-view-default) .elementor-drop-cap{margin-top:8px}.elementor-widget-text-editor:not(.elementor-drop-cap-view-default) .elementor-drop-cap-letter{width:1em;height:1em}.elementor-widget-text-editor .elementor-drop-cap{float:left;text-align:center;line-height:1;font-size:50px}.elementor-widget-text-editor .elementor-drop-cap-letter{display:inline-block}<\/style>\t\t\t\t<p><b>Fergamar Log\u00edstica<\/b> est\u00e1 altamente consagrada como transportista de <b>mercanc\u00edas perecederas, refrigeradas y congeladas por Europa<\/b> central, norte y del este, al igual que destinos nacionales en Espa\u00f1a. Nos hemos <b>especializado en<\/b> todas las variantes y l\u00edneas de productos <b>refrigerados y congelados<\/b>.<\/p><p>Due to our location in the <b>Spanish Levante region<\/b>, our commitment is to carry and promote fresh produce, vegetables and fruit throughout Europe, as well as confectionery, bakery products...<\/p><p>We are up to date with the regulations and compliance with the laws that ensure food safety in Spain, Europe and in the respective destinations and origins.<\/p>\t\t\t\t\t\t<\/div>\n\t\t\t\t<\/div>\n\t\t\t\t\t<\/div>\n\t\t<\/div>\n\t\t\t\t\t\t\t<\/div>\n\t\t<\/section>\n\t\t\t\t<section class=\"elementor-section elementor-top-section elementor-element elementor-element-7d77bb5b theme-bg elementor-section-boxed elementor-section-height-default elementor-section-height-default\" data-id=\"7d77bb5b\" data-element_type=\"section\" data-settings=\"{&quot;background_background&quot;:&quot;classic&quot;}\">\n\t\t\t\t\t\t<div class=\"elementor-container elementor-column-gap-no\">\n\t\t\t\t\t<div class=\"elementor-column elementor-col-100 elementor-top-column elementor-element elementor-element-40caa621\" data-id=\"40caa621\" data-element_type=\"column\">\n\t\t\t<div class=\"elementor-widget-wrap elementor-element-populated\">\n\t\t\t\t\t\t\t\t<section class=\"elementor-section elementor-inner-section elementor-element elementor-element-4d811bba elementor-section-full_width elementor-section-height-default elementor-section-height-default\" data-id=\"4d811bba\" data-element_type=\"section\">\n\t\t\t\t\t\t<div class=\"elementor-container elementor-column-gap-default\">\n\t\t\t\t\t<div class=\"elementor-column elementor-col-100 elementor-inner-column elementor-element elementor-element-69d679d2\" data-id=\"69d679d2\" data-element_type=\"column\">\n\t\t\t<div class=\"elementor-widget-wrap elementor-element-populated\">\n\t\t\t\t\t\t\t\t<div class=\"elementor-element elementor-element-6260f468 animated-slow elementor-invisible elementor-widget elementor-widget-modina_section_title\" data-id=\"6260f468\" data-element_type=\"widget\" data-settings=\"{&quot;_animation&quot;:&quot;fadeInUp&quot;}\" data-widget_type=\"modina_section_title.default\">\n\t\t\t\t<div class=\"elementor-widget-container\">\n\t\t\t\r\n        <div class=\"block-contents text-center\">\r\n        <div class=\"section-title\">\r\n            <h5 class=\"text-center\"><\/h5>\r\n            <span>Quality sets us apart<\/span>\r\n            <h2>Transport of goods<\/h2>\r\n        <\/div>\r\n            <\/div>\r\n    \r\n    \t\t<\/div>\n\t\t\t\t<\/div>\n\t\t\t\t\t<\/div>\n\t\t<\/div>\n\t\t\t\t\t\t\t<\/div>\n\t\t<\/section>\n\t\t\t\t<section class=\"elementor-section elementor-inner-section elementor-element elementor-element-3b3ac412 elementor-section-full_width elementor-section-height-default elementor-section-height-default\" data-id=\"3b3ac412\" data-element_type=\"section\">\n\t\t\t\t\t\t<div class=\"elementor-container elementor-column-gap-default\">\n\t\t\t\t\t<div class=\"elementor-column elementor-col-100 elementor-inner-column elementor-element elementor-element-d95a713\" data-id=\"d95a713\" data-element_type=\"column\">\n\t\t\t<div class=\"elementor-widget-wrap elementor-element-populated\">\n\t\t\t\t\t\t\t\t<div class=\"elementor-element elementor-element-a8121a3 animated-slow elementor-invisible elementor-widget elementor-widget-modina_service_card\" data-id=\"a8121a3\" data-element_type=\"widget\" data-settings=\"{&quot;_animation&quot;:&quot;fadeInUp&quot;,&quot;_animation_delay&quot;:250}\" data-widget_type=\"modina_service_card.default\">\n\t\t\t\t<div class=\"elementor-widget-container\">\n\t\t\t\r\n    <div class=\"row text-center\">\r\n     \r\n        <div class=\"col-xl-4 col-md-6 col-12\">\r\n            <div class=\"single-our-service\">\r\n                <div class=\"thumb bg-cover\" style=\"background-image: url('https:\/\/fergamar.com\/wp-content\/uploads\/2022\/09\/transporte-mercacias-perecederas.jpg')\"><\/div>\r\n                <div class=\"content\">\r\n                                                            <h3><a href=\"  \">Perishables<\/a><\/h3>\r\n                                                        <\/div>\r\n            <\/div>\r\n        <\/div>\r\n         \r\n        <div class=\"col-xl-4 col-md-6 col-12\">\r\n            <div class=\"single-our-service\">\r\n                <div class=\"thumb bg-cover\" style=\"background-image: url('https:\/\/fergamar.com\/wp-content\/uploads\/2022\/09\/transporte-mercacias-refrigeradas.jpg')\"><\/div>\r\n                <div class=\"content\">\r\n                                                            <h3><a href=\"  \">Refrigerated<\/a><\/h3>\r\n                                                        <\/div>\r\n            <\/div>\r\n        <\/div>\r\n         \r\n        <div class=\"col-xl-4 col-md-6 col-12\">\r\n            <div class=\"single-our-service\">\r\n                <div class=\"thumb bg-cover\" style=\"background-image: url('https:\/\/fergamar.com\/wp-content\/uploads\/2022\/09\/transporte-mercacias-congeladas.jpg')\"><\/div>\r\n                <div class=\"content\">\r\n                                                            <h3><a href=\"  \">Frozen<\/a><\/h3>\r\n                                                        <\/div>\r\n            <\/div>\r\n        <\/div>\r\n         \r\n        <div class=\"col-xl-4 col-md-6 col-12\">\r\n            <div class=\"single-our-service\">\r\n                <div class=\"thumb bg-cover\" style=\"background-image: url('https:\/\/fergamar.com\/wp-content\/uploads\/2022\/09\/transporte-verduras-hortalizas.jpg')\"><\/div>\r\n                <div class=\"content\">\r\n                                                            <h3><a href=\"  \">Vegetables and greens<\/a><\/h3>\r\n                                                        <\/div>\r\n            <\/div>\r\n        <\/div>\r\n         \r\n        <div class=\"col-xl-4 col-md-6 col-12\">\r\n            <div class=\"single-our-service\">\r\n                <div class=\"thumb bg-cover\" style=\"background-image: url('https:\/\/fergamar.com\/wp-content\/uploads\/2022\/09\/transporte-frutas.jpg')\"><\/div>\r\n                <div class=\"content\">\r\n                                                            <h3><a href=\"  \">Fruits<\/a><\/h3>\r\n                                                        <\/div>\r\n            <\/div>\r\n        <\/div>\r\n         \r\n        <div class=\"col-xl-4 col-md-6 col-12\">\r\n            <div class=\"single-our-service\">\r\n                <div class=\"thumb bg-cover\" style=\"background-image: url('https:\/\/fergamar.com\/wp-content\/uploads\/2022\/09\/transporte-bolleria.jpg')\"><\/div>\r\n                <div class=\"content\">\r\n                                                            <h3><a href=\"  \">Confectionery and bakery<\/a><\/h3>\r\n                                                        <\/div>\r\n            <\/div>\r\n        <\/div>\r\n            <\/div>\r\n\r\n    \t\t<\/div>\n\t\t\t\t<\/div>\n\t\t\t\t\t<\/div>\n\t\t<\/div>\n\t\t\t\t\t\t\t<\/div>\n\t\t<\/section>\n\t\t\t\t\t<\/div>\n\t\t<\/div>\n\t\t\t\t\t\t\t<\/div>\n\t\t<\/section>\n\t\t\t\t<section class=\"elementor-section elementor-top-section elementor-element elementor-element-701ebe5 animated-slow elementor-section-boxed elementor-section-height-default elementor-section-height-default elementor-invisible\" data-id=\"701ebe5\" data-element_type=\"section\" data-settings=\"{&quot;animation&quot;:&quot;fadeInUp&quot;}\">\n\t\t\t\t\t\t<div class=\"elementor-container elementor-column-gap-default\">\n\t\t\t\t\t<div class=\"elementor-column elementor-col-100 elementor-top-column elementor-element elementor-element-cbf98c4\" data-id=\"cbf98c4\" data-element_type=\"column\">\n\t\t\t<div class=\"elementor-widget-wrap elementor-element-populated\">\n\t\t\t\t\t\t\t\t<div class=\"elementor-element elementor-element-e6a808b elementor-widget elementor-widget-text-editor\" data-id=\"e6a808b\" data-element_type=\"widget\" data-widget_type=\"text-editor.default\">\n\t\t\t\t<div class=\"elementor-widget-container\">\n\t\t\t\t\t\t\t<p>Todo el equipo humano de <b>Fergamar <\/b>est\u00e1 comprometido con el futuro, abierto a nuevas sugerencias y desarrollo de nuevos negocios propuestos por nuestros clientes. Nuestro personal cualificado, la innovaci\u00f3n de medios, avanzar con las innovaciones tecnol\u00f3gicas y el reconocimiento de nuestros clientes y colaboradores nos permiten ser una de las empresas que a\u00f1o tras a\u00f1o m\u00e1s crece en nuestro sector. Y gracias a todos ellos, seguiremos mejorando para seguir ofreciendo la mejor oferta y profesionalidad posibles.<\/p>\t\t\t\t\t\t<\/div>\n\t\t\t\t<\/div>\n\t\t\t\t\t<\/div>\n\t\t<\/div>\n\t\t\t\t\t\t\t<\/div>\n\t\t<\/section>\n\t\t\t\t<section class=\"elementor-section elementor-top-section elementor-element elementor-element-65fa60e4 elementor-section-boxed elementor-section-height-default elementor-section-height-default\" data-id=\"65fa60e4\" data-element_type=\"section\" data-settings=\"{&quot;background_background&quot;:&quot;classic&quot;}\">\n\t\t\t\t\t\t\t<div class=\"elementor-background-overlay\"><\/div>\n\t\t\t\t\t\t\t<div class=\"elementor-container elementor-column-gap-default\">\n\t\t\t\t\t<div class=\"elementor-column elementor-col-100 elementor-top-column elementor-element elementor-element-4b42cd1\" data-id=\"4b42cd1\" data-element_type=\"column\">\n\t\t\t<div class=\"elementor-widget-wrap elementor-element-populated\">\n\t\t\t\t\t\t\t\t<div class=\"elementor-element elementor-element-6726e560 animated-slow elementor-invisible elementor-widget elementor-widget-heading\" data-id=\"6726e560\" data-element_type=\"widget\" data-settings=\"{&quot;_animation&quot;:&quot;fadeInUp&quot;}\" data-widget_type=\"heading.default\">\n\t\t\t\t<div class=\"elementor-widget-container\">\n\t\t\t<style>\/*! elementor - v3.11.1 - 15-02-2023 *\/\n.elementor-heading-title{padding:0;margin:0;line-height:1}.elementor-widget-heading .elementor-heading-title[class*=elementor-size-]>a{color:inherit;font-size:inherit;line-height:inherit}.elementor-widget-heading .elementor-heading-title.elementor-size-small{font-size:15px}.elementor-widget-heading .elementor-heading-title.elementor-size-medium{font-size:19px}.elementor-widget-heading .elementor-heading-title.elementor-size-large{font-size:29px}.elementor-widget-heading .elementor-heading-title.elementor-size-xl{font-size:39px}.elementor-widget-heading .elementor-heading-title.elementor-size-xxl{font-size:59px}<\/style><h2 class=\"elementor-heading-title elementor-size-default\">Would you like us to calculate a quote for your cargo?<\/h2>\t\t<\/div>\n\t\t\t\t<\/div>\n\t\t\t\t<div class=\"elementor-element elementor-element-7108433a elementor-align-center animated-slow elementor-invisible elementor-widget elementor-widget-button\" data-id=\"7108433a\" data-element_type=\"widget\" data-settings=\"{&quot;_animation&quot;:&quot;fadeInUp&quot;,&quot;_animation_delay&quot;:200}\" data-widget_type=\"button.default\">\n\t\t\t\t<div class=\"elementor-widget-container\">\n\t\t\t\t\t<div class=\"elementor-button-wrapper\">\n\t\t\t<a href=\"https:\/\/fergamar.com\/en\/#presupuesto\" class=\"elementor-button-link elementor-button elementor-size-lg\" role=\"button\">\n\t\t\t\t\t\t<span class=\"elementor-button-content-wrapper\">\n\t\t\t\t\t\t<span class=\"elementor-button-text\">Budget<\/span>\n\t\t<\/span>\n\t\t\t\t\t<\/a>\n\t\t<\/div>\n\t\t\t\t<\/div>\n\t\t\t\t<\/div>\n\t\t\t\t\t<\/div>\n\t\t<\/div>\n\t\t\t\t\t\t\t<\/div>\n\t\t<\/section>\n\t\t\t\t\t\t\t<\/div>","protected":false},"excerpt":{"rendered":"<p>Fergamar Log\u00edstica est\u00e1 altamente consagrada como transportista de mercanc\u00edas perecederas, refrigeradas y congeladas por Europa central, norte y del este, al igual que destinos nacionales en Espa\u00f1a. Nos hemos especializado en todas las variantes y l\u00edneas de productos refrigerados y congelados. Por nuestra ubicaci\u00f3n en el levante espa\u00f1ol, nuestro compromiso es llevar y promocionar los [&hellip;]<\/p>","protected":false},"author":3,"featured_media":0,"parent":0,"menu_order":0,"comment_status":"closed","ping_status":"closed","template":"","meta":{"footnotes":""},"class_list":["post-1285","page","type-page","status-publish","hentry"],"yoast_head":"<!-- This site is optimized with the Yoast SEO plugin v20.1 - https:\/\/yoast.com\/wordpress\/plugins\/seo\/ -->\n<title>Transporte frigor\u00edfico internacional terrestre en Murcia | Fergamar<\/title>\n<meta name=\"description\" content=\"Especialistas en el transporte internacional de mercanc\u00edas perecederas, refrigeradas y congeladas por Europa central, norte y del este.\" \/>\n<meta name=\"robots\" content=\"index, follow, max-snippet:-1, max-image-preview:large, max-video-preview:-1\" \/>\n<link rel=\"canonical\" href=\"https:\/\/fergamar.com\/en\/mercancias\/\" \/>\n<meta property=\"og:locale\" content=\"en_GB\" \/>\n<meta property=\"og:type\" content=\"article\" \/>\n<meta property=\"og:title\" content=\"Transporte frigor\u00edfico internacional terrestre en Murcia | Fergamar\" \/>\n<meta property=\"og:description\" content=\"Especialistas en el transporte internacional de mercanc\u00edas perecederas, refrigeradas y congeladas por Europa central, norte y del este.\" \/>\n<meta property=\"og:url\" content=\"https:\/\/fergamar.com\/en\/mercancias\/\" \/>\n<meta property=\"og:site_name\" content=\"Fergamar\" \/>\n<meta property=\"article:modified_time\" content=\"2024-02-19T12:43:03+00:00\" \/>\n<meta name=\"twitter:card\" content=\"summary_large_image\" \/>\n<meta name=\"twitter:label1\" content=\"Estimated reading time\" \/>\n\t<meta name=\"twitter:data1\" content=\"1 minute\" \/>\n<script type=\"application\/ld+json\" class=\"yoast-schema-graph\">{\"@context\":\"https:\/\/schema.org\",\"@graph\":[{\"@type\":\"WebPage\",\"@id\":\"https:\/\/fergamar.com\/mercancias\/\",\"url\":\"https:\/\/fergamar.com\/mercancias\/\",\"name\":\"Transporte frigor\u00edfico internacional terrestre en Murcia | Fergamar\",\"isPartOf\":{\"@id\":\"https:\/\/fergamar.com\/#website\"},\"datePublished\":\"2022-04-08T23:00:46+00:00\",\"dateModified\":\"2024-02-19T12:43:03+00:00\",\"description\":\"Especialistas en el transporte internacional de mercanc\u00edas perecederas, refrigeradas y congeladas por Europa central, norte y del este.\",\"breadcrumb\":{\"@id\":\"https:\/\/fergamar.com\/mercancias\/#breadcrumb\"},\"inLanguage\":\"en-GB\",\"potentialAction\":[{\"@type\":\"ReadAction\",\"target\":[\"https:\/\/fergamar.com\/mercancias\/\"]}]},{\"@type\":\"BreadcrumbList\",\"@id\":\"https:\/\/fergamar.com\/mercancias\/#breadcrumb\",\"itemListElement\":[{\"@type\":\"ListItem\",\"position\":1,\"name\":\"Portada\",\"item\":\"https:\/\/fergamar.com\/\"},{\"@type\":\"ListItem\",\"position\":2,\"name\":\"Transporte frigor\u00edfico de alimentos\"}]},{\"@type\":\"WebSite\",\"@id\":\"https:\/\/fergamar.com\/#website\",\"url\":\"https:\/\/fergamar.com\/\",\"name\":\"Fergamar\",\"description\":\"Otro sitio realizado con WordPress\",\"potentialAction\":[{\"@type\":\"SearchAction\",\"target\":{\"@type\":\"EntryPoint\",\"urlTemplate\":\"https:\/\/fergamar.com\/?s={search_term_string}\"},\"query-input\":\"required name=search_term_string\"}],\"inLanguage\":\"en-GB\"}]}<\/script>\n<!-- \/ Yoast SEO plugin. -->","yoast_head_json":{"title":"Transporte frigor\u00edfico internacional terrestre en Murcia | Fergamar","description":"Especialistas en el transporte internacional de mercanc\u00edas perecederas, refrigeradas y congeladas por Europa central, norte y del este.","robots":{"index":"index","follow":"follow","max-snippet":"max-snippet:-1","max-image-preview":"max-image-preview:large","max-video-preview":"max-video-preview:-1"},"canonical":"https:\/\/fergamar.com\/en\/mercancias\/","og_locale":"en_GB","og_type":"article","og_title":"Transporte frigor\u00edfico internacional terrestre en Murcia | Fergamar","og_description":"Especialistas en el transporte internacional de mercanc\u00edas perecederas, refrigeradas y congeladas por Europa central, norte y del este.","og_url":"https:\/\/fergamar.com\/en\/mercancias\/","og_site_name":"Fergamar","article_modified_time":"2024-02-19T12:43:03+00:00","twitter_card":"summary_large_image","twitter_misc":{"Estimated reading time":"1 minute"},"schema":{"@context":"https:\/\/schema.org","@graph":[{"@type":"WebPage","@id":"https:\/\/fergamar.com\/mercancias\/","url":"https:\/\/fergamar.com\/mercancias\/","name":"Transporte frigor\u00edfico internacional terrestre en Murcia | Fergamar","isPartOf":{"@id":"https:\/\/fergamar.com\/#website"},"datePublished":"2022-04-08T23:00:46+00:00","dateModified":"2024-02-19T12:43:03+00:00","description":"Especialistas en el transporte internacional de mercanc\u00edas perecederas, refrigeradas y congeladas por Europa central, norte y del este.","breadcrumb":{"@id":"https:\/\/fergamar.com\/mercancias\/#breadcrumb"},"inLanguage":"en-GB","potentialAction":[{"@type":"ReadAction","target":["https:\/\/fergamar.com\/mercancias\/"]}]},{"@type":"BreadcrumbList","@id":"https:\/\/fergamar.com\/mercancias\/#breadcrumb","itemListElement":[{"@type":"ListItem","position":1,"name":"Portada","item":"https:\/\/fergamar.com\/"},{"@type":"ListItem","position":2,"name":"Transporte frigor\u00edfico de alimentos"}]},{"@type":"WebSite","@id":"https:\/\/fergamar.com\/#website","url":"https:\/\/fergamar.com\/","name":"Fergamar","description":"Otro sitio realizado con WordPress","potentialAction":[{"@type":"SearchAction","target":{"@type":"EntryPoint","urlTemplate":"https:\/\/fergamar.com\/?s={search_term_string}"},"query-input":"required name=search_term_string"}],"inLanguage":"en-GB"}]}},"acf":[],"_links":{"self":[{"href":"https:\/\/fergamar.com\/en\/wp-json\/wp\/v2\/pages\/1285","targetHints":{"allow":["GET"]}}],"collection":[{"href":"https:\/\/fergamar.com\/en\/wp-json\/wp\/v2\/pages"}],"about":[{"href":"https:\/\/fergamar.com\/en\/wp-json\/wp\/v2\/types\/page"}],"author":[{"embeddable":true,"href":"https:\/\/fergamar.com\/en\/wp-json\/wp\/v2\/users\/3"}],"replies":[{"embeddable":true,"href":"https:\/\/fergamar.com\/en\/wp-json\/wp\/v2\/comments?post=1285"}],"version-history":[{"count":52,"href":"https:\/\/fergamar.com\/en\/wp-json\/wp\/v2\/pages\/1285\/revisions"}],"predecessor-version":[{"id":2791,"href":"https:\/\/fergamar.com\/en\/wp-json\/wp\/v2\/pages\/1285\/revisions\/2791"}],"wp:attachment":[{"href":"https:\/\/fergamar.com\/en\/wp-json\/wp\/v2\/media?parent=1285"}],"curies":[{"name":"wp","href":"https:\/\/api.w.org\/{rel}","templated":true}]}}