{"id":2583,"date":"2023-01-31T12:32:35","date_gmt":"2023-01-31T12:32:35","guid":{"rendered":"https:\/\/dev.maicrosoft.eu\/fergamar\/?page_id=2583"},"modified":"2023-02-20T14:49:41","modified_gmt":"2023-02-20T14:49:41","slug":"ayuda","status":"publish","type":"page","link":"https:\/\/fergamar.com\/en\/ayuda\/","title":{"rendered":"Ayuda"},"content":{"rendered":"<div data-elementor-type=\"wp-page\" data-elementor-id=\"2583\" class=\"elementor elementor-2583\">\n\t\t\t\t\t\t\t\t\t<section class=\"elementor-section elementor-top-section elementor-element elementor-element-8aefc95 elementor-section-boxed elementor-section-height-default elementor-section-height-default\" data-id=\"8aefc95\" data-element_type=\"section\">\n\t\t\t\t\t\t<div class=\"elementor-container elementor-column-gap-default\">\n\t\t\t\t\t<div class=\"elementor-column elementor-col-100 elementor-top-column elementor-element elementor-element-ace01cc\" data-id=\"ace01cc\" data-element_type=\"column\">\n\t\t\t<div class=\"elementor-widget-wrap elementor-element-populated\">\n\t\t\t\t\t\t\t\t<div class=\"elementor-element elementor-element-93027a0 elementor-widget elementor-widget-text-editor\" data-id=\"93027a0\" data-element_type=\"widget\" data-widget_type=\"text-editor.default\">\n\t\t\t\t<div class=\"elementor-widget-container\">\n\t\t\t<style>\/*! elementor - v3.11.1 - 15-02-2023 *\/\n.elementor-widget-text-editor.elementor-drop-cap-view-stacked .elementor-drop-cap{background-color:#818a91;color:#fff}.elementor-widget-text-editor.elementor-drop-cap-view-framed .elementor-drop-cap{color:#818a91;border:3px solid;background-color:transparent}.elementor-widget-text-editor:not(.elementor-drop-cap-view-default) .elementor-drop-cap{margin-top:8px}.elementor-widget-text-editor:not(.elementor-drop-cap-view-default) .elementor-drop-cap-letter{width:1em;height:1em}.elementor-widget-text-editor .elementor-drop-cap{float:left;text-align:center;line-height:1;font-size:50px}.elementor-widget-text-editor .elementor-drop-cap-letter{display:inline-block}<\/style>\t\t\t\t<p>Si tiene alg\u00fan tipo de duda o necesita ayuda para navegar por la p\u00e1gina web, puede acceder al apartado de <a style=\"font-weight: 900;\" href=\"https:\/\/fergamar.com\/en\/configurador-de-accesibilidad\/\">Configuraci\u00f3n de accesibilidad<\/a> o contactar con nosotros a trav\u00e9s del email admin@fergamar.com<\/p>\t\t\t\t\t\t<\/div>\n\t\t\t\t<\/div>\n\t\t\t\t\t<\/div>\n\t\t<\/div>\n\t\t\t\t\t\t\t<\/div>\n\t\t<\/section>\n\t\t\t\t\t\t\t<\/div>","protected":false},"excerpt":{"rendered":"<p>Si tiene alg\u00fan tipo de duda o necesita ayuda para navegar por la p\u00e1gina web, puede acceder al apartado de Configuraci\u00f3n de accesibilidad o contactar con nosotros a trav\u00e9s del email admin@fergamar.com<\/p>","protected":false},"author":3,"featured_media":0,"parent":0,"menu_order":0,"comment_status":"closed","ping_status":"closed","template":"","meta":{"footnotes":""},"class_list":["post-2583","page","type-page","status-publish","hentry"],"yoast_head":"<!-- This site is optimized with the Yoast SEO plugin v20.1 - https:\/\/yoast.com\/wordpress\/plugins\/seo\/ -->\n<title>Ayuda - Fergamar<\/title>\n<meta name=\"robots\" content=\"index, follow, max-snippet:-1, max-image-preview:large, max-video-preview:-1\" \/>\n<link rel=\"canonical\" href=\"https:\/\/fergamar.com\/en\/ayuda\/\" \/>\n<meta property=\"og:locale\" content=\"en_GB\" \/>\n<meta property=\"og:type\" content=\"article\" \/>\n<meta property=\"og:title\" content=\"Ayuda - Fergamar\" \/>\n<meta property=\"og:description\" content=\"Si tiene alg\u00fan tipo de duda o necesita ayuda para navegar por la p\u00e1gina web, puede acceder al apartado de Configuraci\u00f3n de accesibilidad o contactar con nosotros a trav\u00e9s del email admin@fergamar.com\" \/>\n<meta property=\"og:url\" content=\"https:\/\/fergamar.com\/en\/ayuda\/\" \/>\n<meta property=\"og:site_name\" content=\"Fergamar\" \/>\n<meta property=\"article:modified_time\" content=\"2023-02-20T14:49:41+00:00\" \/>\n<meta name=\"twitter:card\" content=\"summary_large_image\" \/>\n<meta name=\"twitter:label1\" content=\"Estimated reading time\" \/>\n\t<meta name=\"twitter:data1\" content=\"1 minute\" \/>\n<script type=\"application\/ld+json\" class=\"yoast-schema-graph\">{\"@context\":\"https:\/\/schema.org\",\"@graph\":[{\"@type\":\"WebPage\",\"@id\":\"https:\/\/fergamar.com\/ayuda\/\",\"url\":\"https:\/\/fergamar.com\/ayuda\/\",\"name\":\"Ayuda - Fergamar\",\"isPartOf\":{\"@id\":\"https:\/\/fergamar.com\/#website\"},\"datePublished\":\"2023-01-31T12:32:35+00:00\",\"dateModified\":\"2023-02-20T14:49:41+00:00\",\"breadcrumb\":{\"@id\":\"https:\/\/fergamar.com\/ayuda\/#breadcrumb\"},\"inLanguage\":\"en-GB\",\"potentialAction\":[{\"@type\":\"ReadAction\",\"target\":[\"https:\/\/fergamar.com\/ayuda\/\"]}]},{\"@type\":\"BreadcrumbList\",\"@id\":\"https:\/\/fergamar.com\/ayuda\/#breadcrumb\",\"itemListElement\":[{\"@type\":\"ListItem\",\"position\":1,\"name\":\"Portada\",\"item\":\"https:\/\/fergamar.com\/\"},{\"@type\":\"ListItem\",\"position\":2,\"name\":\"Ayuda\"}]},{\"@type\":\"WebSite\",\"@id\":\"https:\/\/fergamar.com\/#website\",\"url\":\"https:\/\/fergamar.com\/\",\"name\":\"Fergamar\",\"description\":\"Otro sitio realizado con WordPress\",\"potentialAction\":[{\"@type\":\"SearchAction\",\"target\":{\"@type\":\"EntryPoint\",\"urlTemplate\":\"https:\/\/fergamar.com\/?s={search_term_string}\"},\"query-input\":\"required name=search_term_string\"}],\"inLanguage\":\"en-GB\"}]}<\/script>\n<!-- \/ Yoast SEO plugin. -->","yoast_head_json":{"title":"Ayuda - Fergamar","robots":{"index":"index","follow":"follow","max-snippet":"max-snippet:-1","max-image-preview":"max-image-preview:large","max-video-preview":"max-video-preview:-1"},"canonical":"https:\/\/fergamar.com\/en\/ayuda\/","og_locale":"en_GB","og_type":"article","og_title":"Ayuda - Fergamar","og_description":"Si tiene alg\u00fan tipo de duda o necesita ayuda para navegar por la p\u00e1gina web, puede acceder al apartado de Configuraci\u00f3n de accesibilidad o contactar con nosotros a trav\u00e9s del email admin@fergamar.com","og_url":"https:\/\/fergamar.com\/en\/ayuda\/","og_site_name":"Fergamar","article_modified_time":"2023-02-20T14:49:41+00:00","twitter_card":"summary_large_image","twitter_misc":{"Estimated reading time":"1 minute"},"schema":{"@context":"https:\/\/schema.org","@graph":[{"@type":"WebPage","@id":"https:\/\/fergamar.com\/ayuda\/","url":"https:\/\/fergamar.com\/ayuda\/","name":"Ayuda - Fergamar","isPartOf":{"@id":"https:\/\/fergamar.com\/#website"},"datePublished":"2023-01-31T12:32:35+00:00","dateModified":"2023-02-20T14:49:41+00:00","breadcrumb":{"@id":"https:\/\/fergamar.com\/ayuda\/#breadcrumb"},"inLanguage":"en-GB","potentialAction":[{"@type":"ReadAction","target":["https:\/\/fergamar.com\/ayuda\/"]}]},{"@type":"BreadcrumbList","@id":"https:\/\/fergamar.com\/ayuda\/#breadcrumb","itemListElement":[{"@type":"ListItem","position":1,"name":"Portada","item":"https:\/\/fergamar.com\/"},{"@type":"ListItem","position":2,"name":"Ayuda"}]},{"@type":"WebSite","@id":"https:\/\/fergamar.com\/#website","url":"https:\/\/fergamar.com\/","name":"Fergamar","description":"Otro sitio realizado con WordPress","potentialAction":[{"@type":"SearchAction","target":{"@type":"EntryPoint","urlTemplate":"https:\/\/fergamar.com\/?s={search_term_string}"},"query-input":"required name=search_term_string"}],"inLanguage":"en-GB"}]}},"acf":[],"_links":{"self":[{"href":"https:\/\/fergamar.com\/en\/wp-json\/wp\/v2\/pages\/2583","targetHints":{"allow":["GET"]}}],"collection":[{"href":"https:\/\/fergamar.com\/en\/wp-json\/wp\/v2\/pages"}],"about":[{"href":"https:\/\/fergamar.com\/en\/wp-json\/wp\/v2\/types\/page"}],"author":[{"embeddable":true,"href":"https:\/\/fergamar.com\/en\/wp-json\/wp\/v2\/users\/3"}],"replies":[{"embeddable":true,"href":"https:\/\/fergamar.com\/en\/wp-json\/wp\/v2\/comments?post=2583"}],"version-history":[{"count":9,"href":"https:\/\/fergamar.com\/en\/wp-json\/wp\/v2\/pages\/2583\/revisions"}],"predecessor-version":[{"id":2917,"href":"https:\/\/fergamar.com\/en\/wp-json\/wp\/v2\/pages\/2583\/revisions\/2917"}],"wp:attachment":[{"href":"https:\/\/fergamar.com\/en\/wp-json\/wp\/v2\/media?parent=2583"}],"curies":[{"name":"wp","href":"https:\/\/api.w.org\/{rel}","templated":true}]}}