{"id":2589,"date":"2023-01-31T12:41:07","date_gmt":"2023-01-31T12:41:07","guid":{"rendered":"https:\/\/dev.maicrosoft.eu\/fergamar\/?page_id=2589"},"modified":"2023-01-31T12:46:15","modified_gmt":"2023-01-31T12:46:15","slug":"mapa-del-sitio","status":"publish","type":"page","link":"https:\/\/fergamar.com\/en\/mapa-del-sitio\/","title":{"rendered":"Mapa del sitio"},"content":{"rendered":"<div data-elementor-type=\"wp-page\" data-elementor-id=\"2589\" class=\"elementor elementor-2589\">\n\t\t\t\t\t\t\t\t\t<section class=\"elementor-section elementor-top-section elementor-element elementor-element-8f9886c elementor-section-boxed elementor-section-height-default elementor-section-height-default\" data-id=\"8f9886c\" data-element_type=\"section\">\n\t\t\t\t\t\t<div class=\"elementor-container elementor-column-gap-default\">\n\t\t\t\t\t<div class=\"elementor-column elementor-col-100 elementor-top-column elementor-element elementor-element-863f9e8\" data-id=\"863f9e8\" data-element_type=\"column\">\n\t\t\t<div class=\"elementor-widget-wrap elementor-element-populated\">\n\t\t\t\t\t\t\t\t<div class=\"elementor-element elementor-element-ed5cda5 elementor-widget elementor-widget-text-editor\" data-id=\"ed5cda5\" data-element_type=\"widget\" data-widget_type=\"text-editor.default\">\n\t\t\t\t<div class=\"elementor-widget-container\">\n\t\t\t<style>\/*! elementor - v3.11.1 - 15-02-2023 *\/\n.elementor-widget-text-editor.elementor-drop-cap-view-stacked .elementor-drop-cap{background-color:#818a91;color:#fff}.elementor-widget-text-editor.elementor-drop-cap-view-framed .elementor-drop-cap{color:#818a91;border:3px solid;background-color:transparent}.elementor-widget-text-editor:not(.elementor-drop-cap-view-default) .elementor-drop-cap{margin-top:8px}.elementor-widget-text-editor:not(.elementor-drop-cap-view-default) .elementor-drop-cap-letter{width:1em;height:1em}.elementor-widget-text-editor .elementor-drop-cap{float:left;text-align:center;line-height:1;font-size:50px}.elementor-widget-text-editor .elementor-drop-cap-letter{display:inline-block}<\/style>\t\t\t\t<ul><li><a href=\"https:\/\/fergamar.com\/en\/\">Inicio<\/a><ul><li><a href=\"https:\/\/fergamar.com\/en\/empresa\/\">Company<\/a><\/li><li><a href=\"https:\/\/fergamar.com\/en\/destinos-origenes\/\">Destinos\/Or\u00edgenes<\/a><\/li><li><a href=\"https:\/\/fergamar.com\/en\/mercancias\/\">Goods<\/a><\/li><li><a href=\"https:\/\/fergamar.com\/en\/blog\/\">Blog<\/a><\/li><li><a href=\"https:\/\/fergamar.com\/en\/contacto-solditrans\/\">Contact<\/a><\/li><li><a href=\"#\">Quotation<\/a><\/li><\/ul><\/li><\/ul><ul><li>Informaci\u00f3n<ul><li><a href=\"https:\/\/fergamar.com\/en\/politica-de-privacidad\/\">Privacy Policy<\/a><\/li><li><a href=\"https:\/\/fergamar.com\/en\/politica-de-cookies\/\">Cookie Policy<\/a><\/li><li><a href=\"https:\/\/fergamar.com\/en\/aviso-legal\/\">Legal Warning<\/a><\/li><li><a href=\"https:\/\/fergamar.com\/en\/declaracion-de-accesibilidad\/\">Declaraci\u00f3n de accesibilidad<\/a><ul><li><a href=\"https:\/\/fergamar.com\/en\/configurador-de-accesibilidad\/\">Configurador de accesibilidad<\/a><\/li><\/ul><\/li><li><a href=\"https:\/\/fergamar.com\/en\/mapa-del-sitio\/\">Mapa del Sitio<\/a><\/li><li><a href=\"https:\/\/fergamar.com\/en\/ayuda\/\">Ayuda<\/a><\/li><\/ul><\/li><\/ul>\t\t\t\t\t\t<\/div>\n\t\t\t\t<\/div>\n\t\t\t\t\t<\/div>\n\t\t<\/div>\n\t\t\t\t\t\t\t<\/div>\n\t\t<\/section>\n\t\t\t\t\t\t\t<\/div>","protected":false},"excerpt":{"rendered":"<p>Inicio Empresa Destinos\/Or\u00edgenes Mercanc\u00edas Blog Contacto Cotizaci\u00f3n Informaci\u00f3n Pol\u00edtica de Privacidad Pol\u00edtica de Cookies Aviso Legal Declaraci\u00f3n de accesibilidad Configurador de accesibilidad Mapa del Sitio Ayuda<\/p>","protected":false},"author":3,"featured_media":0,"parent":0,"menu_order":0,"comment_status":"closed","ping_status":"closed","template":"","meta":{"footnotes":""},"class_list":["post-2589","page","type-page","status-publish","hentry"],"yoast_head":"<!-- This site is optimized with the Yoast SEO plugin v20.1 - https:\/\/yoast.com\/wordpress\/plugins\/seo\/ -->\n<title>Mapa del sitio - Fergamar<\/title>\n<meta name=\"robots\" content=\"index, follow, max-snippet:-1, max-image-preview:large, max-video-preview:-1\" \/>\n<link rel=\"canonical\" href=\"https:\/\/fergamar.com\/en\/mapa-del-sitio\/\" \/>\n<meta property=\"og:locale\" content=\"en_GB\" \/>\n<meta property=\"og:type\" content=\"article\" \/>\n<meta property=\"og:title\" content=\"Mapa del sitio - Fergamar\" \/>\n<meta property=\"og:description\" content=\"Inicio Empresa Destinos\/Or\u00edgenes Mercanc\u00edas Blog Contacto Cotizaci\u00f3n Informaci\u00f3n Pol\u00edtica de Privacidad Pol\u00edtica de Cookies Aviso Legal Declaraci\u00f3n de accesibilidad Configurador de accesibilidad Mapa del Sitio Ayuda\" \/>\n<meta property=\"og:url\" content=\"https:\/\/fergamar.com\/en\/mapa-del-sitio\/\" \/>\n<meta property=\"og:site_name\" content=\"Fergamar\" \/>\n<meta property=\"article:modified_time\" content=\"2023-01-31T12:46:15+00:00\" \/>\n<meta name=\"twitter:card\" content=\"summary_large_image\" \/>\n<meta name=\"twitter:label1\" content=\"Estimated reading time\" \/>\n\t<meta name=\"twitter:data1\" content=\"1 minute\" \/>\n<script type=\"application\/ld+json\" class=\"yoast-schema-graph\">{\"@context\":\"https:\/\/schema.org\",\"@graph\":[{\"@type\":\"WebPage\",\"@id\":\"https:\/\/fergamar.com\/mapa-del-sitio\/\",\"url\":\"https:\/\/fergamar.com\/mapa-del-sitio\/\",\"name\":\"Mapa del sitio - Fergamar\",\"isPartOf\":{\"@id\":\"https:\/\/fergamar.com\/#website\"},\"datePublished\":\"2023-01-31T12:41:07+00:00\",\"dateModified\":\"2023-01-31T12:46:15+00:00\",\"breadcrumb\":{\"@id\":\"https:\/\/fergamar.com\/mapa-del-sitio\/#breadcrumb\"},\"inLanguage\":\"en-GB\",\"potentialAction\":[{\"@type\":\"ReadAction\",\"target\":[\"https:\/\/fergamar.com\/mapa-del-sitio\/\"]}]},{\"@type\":\"BreadcrumbList\",\"@id\":\"https:\/\/fergamar.com\/mapa-del-sitio\/#breadcrumb\",\"itemListElement\":[{\"@type\":\"ListItem\",\"position\":1,\"name\":\"Portada\",\"item\":\"https:\/\/fergamar.com\/\"},{\"@type\":\"ListItem\",\"position\":2,\"name\":\"Mapa del sitio\"}]},{\"@type\":\"WebSite\",\"@id\":\"https:\/\/fergamar.com\/#website\",\"url\":\"https:\/\/fergamar.com\/\",\"name\":\"Fergamar\",\"description\":\"Otro sitio realizado con WordPress\",\"potentialAction\":[{\"@type\":\"SearchAction\",\"target\":{\"@type\":\"EntryPoint\",\"urlTemplate\":\"https:\/\/fergamar.com\/?s={search_term_string}\"},\"query-input\":\"required name=search_term_string\"}],\"inLanguage\":\"en-GB\"}]}<\/script>\n<!-- \/ Yoast SEO plugin. -->","yoast_head_json":{"title":"Mapa del sitio - Fergamar","robots":{"index":"index","follow":"follow","max-snippet":"max-snippet:-1","max-image-preview":"max-image-preview:large","max-video-preview":"max-video-preview:-1"},"canonical":"https:\/\/fergamar.com\/en\/mapa-del-sitio\/","og_locale":"en_GB","og_type":"article","og_title":"Mapa del sitio - Fergamar","og_description":"Inicio Empresa Destinos\/Or\u00edgenes Mercanc\u00edas Blog Contacto Cotizaci\u00f3n Informaci\u00f3n Pol\u00edtica de Privacidad Pol\u00edtica de Cookies Aviso Legal Declaraci\u00f3n de accesibilidad Configurador de accesibilidad Mapa del Sitio Ayuda","og_url":"https:\/\/fergamar.com\/en\/mapa-del-sitio\/","og_site_name":"Fergamar","article_modified_time":"2023-01-31T12:46:15+00:00","twitter_card":"summary_large_image","twitter_misc":{"Estimated reading time":"1 minute"},"schema":{"@context":"https:\/\/schema.org","@graph":[{"@type":"WebPage","@id":"https:\/\/fergamar.com\/mapa-del-sitio\/","url":"https:\/\/fergamar.com\/mapa-del-sitio\/","name":"Mapa del sitio - Fergamar","isPartOf":{"@id":"https:\/\/fergamar.com\/#website"},"datePublished":"2023-01-31T12:41:07+00:00","dateModified":"2023-01-31T12:46:15+00:00","breadcrumb":{"@id":"https:\/\/fergamar.com\/mapa-del-sitio\/#breadcrumb"},"inLanguage":"en-GB","potentialAction":[{"@type":"ReadAction","target":["https:\/\/fergamar.com\/mapa-del-sitio\/"]}]},{"@type":"BreadcrumbList","@id":"https:\/\/fergamar.com\/mapa-del-sitio\/#breadcrumb","itemListElement":[{"@type":"ListItem","position":1,"name":"Portada","item":"https:\/\/fergamar.com\/"},{"@type":"ListItem","position":2,"name":"Mapa del sitio"}]},{"@type":"WebSite","@id":"https:\/\/fergamar.com\/#website","url":"https:\/\/fergamar.com\/","name":"Fergamar","description":"Otro sitio realizado con WordPress","potentialAction":[{"@type":"SearchAction","target":{"@type":"EntryPoint","urlTemplate":"https:\/\/fergamar.com\/?s={search_term_string}"},"query-input":"required name=search_term_string"}],"inLanguage":"en-GB"}]}},"acf":[],"_links":{"self":[{"href":"https:\/\/fergamar.com\/en\/wp-json\/wp\/v2\/pages\/2589","targetHints":{"allow":["GET"]}}],"collection":[{"href":"https:\/\/fergamar.com\/en\/wp-json\/wp\/v2\/pages"}],"about":[{"href":"https:\/\/fergamar.com\/en\/wp-json\/wp\/v2\/types\/page"}],"author":[{"embeddable":true,"href":"https:\/\/fergamar.com\/en\/wp-json\/wp\/v2\/users\/3"}],"replies":[{"embeddable":true,"href":"https:\/\/fergamar.com\/en\/wp-json\/wp\/v2\/comments?post=2589"}],"version-history":[{"count":4,"href":"https:\/\/fergamar.com\/en\/wp-json\/wp\/v2\/pages\/2589\/revisions"}],"predecessor-version":[{"id":2593,"href":"https:\/\/fergamar.com\/en\/wp-json\/wp\/v2\/pages\/2589\/revisions\/2593"}],"wp:attachment":[{"href":"https:\/\/fergamar.com\/en\/wp-json\/wp\/v2\/media?parent=2589"}],"curies":[{"name":"wp","href":"https:\/\/api.w.org\/{rel}","templated":true}]}}