{"id":2597,"date":"2023-01-31T12:50:07","date_gmt":"2023-01-31T12:50:07","guid":{"rendered":"https:\/\/dev.maicrosoft.eu\/fergamar\/?page_id=2597"},"modified":"2023-01-31T12:51:08","modified_gmt":"2023-01-31T12:51:08","slug":"declaracion-de-accesibilidad","status":"publish","type":"page","link":"https:\/\/fergamar.com\/en\/declaracion-de-accesibilidad\/","title":{"rendered":"Declaraci\u00f3n de accesibilidad"},"content":{"rendered":"<div data-elementor-type=\"wp-page\" data-elementor-id=\"2597\" class=\"elementor elementor-2597\">\n\t\t\t\t\t\t\t\t\t<section class=\"elementor-section elementor-top-section elementor-element elementor-element-748fbd3 elementor-section-boxed elementor-section-height-default elementor-section-height-default\" data-id=\"748fbd3\" data-element_type=\"section\">\n\t\t\t\t\t\t<div class=\"elementor-container elementor-column-gap-default\">\n\t\t\t\t\t<div class=\"elementor-column elementor-col-100 elementor-top-column elementor-element elementor-element-b45b550\" data-id=\"b45b550\" data-element_type=\"column\">\n\t\t\t<div class=\"elementor-widget-wrap elementor-element-populated\">\n\t\t\t\t\t\t\t\t<div class=\"elementor-element elementor-element-addf2ed elementor-widget elementor-widget-text-editor\" data-id=\"addf2ed\" data-element_type=\"widget\" data-widget_type=\"text-editor.default\">\n\t\t\t\t<div class=\"elementor-widget-container\">\n\t\t\t<style>\/*! elementor - v3.11.1 - 15-02-2023 *\/\n.elementor-widget-text-editor.elementor-drop-cap-view-stacked .elementor-drop-cap{background-color:#818a91;color:#fff}.elementor-widget-text-editor.elementor-drop-cap-view-framed .elementor-drop-cap{color:#818a91;border:3px solid;background-color:transparent}.elementor-widget-text-editor:not(.elementor-drop-cap-view-default) .elementor-drop-cap{margin-top:8px}.elementor-widget-text-editor:not(.elementor-drop-cap-view-default) .elementor-drop-cap-letter{width:1em;height:1em}.elementor-widget-text-editor .elementor-drop-cap{float:left;text-align:center;line-height:1;font-size:50px}.elementor-widget-text-editor .elementor-drop-cap-letter{display:inline-block}<\/style>\t\t\t\t<p class=\"parrafoDeclaracion\" style=\"margin-bottom: 1rem; font-family: Mulish, sans-serif; font-size: 16px; letter-spacing: -0.16px;\">Se han cumplido los est\u00e1ndares que se emplean hoy en d\u00eda para desarrollar sitios web: HTML 5.2 y CSS 2.1.<\/p>\n<p class=\"parrafoDeclaracion\" style=\"margin-bottom: 1rem; font-family: Mulish, sans-serif; font-size: 16px; letter-spacing: -0.16px;\">Se han aplicado algunas de las pautas de Accesibilidad al Contenido WCAG 2.1 y la estructura de anexos de la norma UNE-EN 301 549:2022 para garantizar la m\u00e1xima accesibilidad. Algunos de los aspectos que se han tenido en cuenta son:<\/p>\n\n<ul style=\"margin-bottom: 1rem; padding-left: 26px; font-family: Mulish, sans-serif; font-size: 16px; letter-spacing: -0.16px;\">\n \t<li style=\"list-style-type: none; margin-top: 10px;\"><\/li>\n<\/ul>\n<ul style=\"margin-bottom: 1rem; padding-left: 26px; font-family: Mulish, sans-serif; font-size: 16px; letter-spacing: -0.16px;\">\n \t<li style=\"list-style-type: none; margin-top: 10px;\">\n<ul style=\"margin-bottom: 0px; padding-left: 26px;\">\n \t<li style=\"list-style-type: disc; margin-top: 10px;\">Separar el contenido de la presentaci\u00f3n mediante el uso de diferentes hojas de estilo (CSS) aplicables seg\u00fan las necesidades para la comprensi\u00f3n del usuario\/a.<\/li>\n<\/ul>\n<\/li>\n<\/ul>\n<ul style=\"margin-bottom: 1rem; padding-left: 26px; font-family: Mulish, sans-serif; font-size: 16px; letter-spacing: -0.16px;\">\n \t<li style=\"list-style-type: none; margin-top: 10px;\">\n<ul style=\"margin-bottom: 0px; padding-left: 26px;\">\n \t<li style=\"list-style-type: disc; margin-top: 10px;\">Estructurar y etiquetar correctamente el contenido de las p\u00e1ginas de forma clara y sencilla, para mejorar la lectura.<\/li>\n<\/ul>\n<\/li>\n<\/ul>\n<ul style=\"margin-bottom: 1rem; padding-left: 26px; font-family: Mulish, sans-serif; font-size: 16px; letter-spacing: -0.16px;\">\n \t<li style=\"list-style-type: none; margin-top: 10px;\">\n<ul style=\"margin-bottom: 0px; padding-left: 26px;\">\n \t<li style=\"list-style-type: disc; margin-top: 10px;\">El uso de las etiquetas como &lt;ul&gt; y &lt;blockquote&gt; conforme a su significado sem\u00e1ntico y nunca para formatear el texto.<\/li>\n<\/ul>\n<\/li>\n<\/ul>\n<ul style=\"margin-bottom: 1rem; padding-left: 26px; font-family: Mulish, sans-serif; font-size: 16px; letter-spacing: -0.16px;\">\n \t<li style=\"list-style-type: none; margin-top: 10px;\">\n<ul style=\"margin-bottom: 0px; padding-left: 26px;\">\n \t<li style=\"list-style-type: disc; margin-top: 10px;\">Evitar el uso de tablas para maquetar las p\u00e1ginas, pudiendo haberse utilizado alguna en contenidos espec\u00edficos.<\/li>\n<\/ul>\n<\/li>\n<\/ul>\n<ul style=\"margin-bottom: 1rem; padding-left: 26px; font-family: Mulish, sans-serif; font-size: 16px; letter-spacing: -0.16px;\">\n \t<li style=\"list-style-type: none; margin-top: 10px;\">\n<ul style=\"margin-bottom: 0px; padding-left: 26px;\">\n \t<li style=\"list-style-type: disc; margin-top: 10px;\">Realizar una maquetaci\u00f3n mediante el uso de estilos CSS y a trav\u00e9s de dise\u00f1o l\u00edquido, adapte y responsive a cualquier resoluci\u00f3n de pantalla.<\/li>\n<\/ul>\n<\/li>\n<\/ul>\n<ul style=\"margin-bottom: 1rem; padding-left: 26px; font-family: Mulish, sans-serif; font-size: 16px; letter-spacing: -0.16px;\">\n \t<li style=\"list-style-type: none; margin-top: 10px;\">\n<ul style=\"margin-bottom: 0px; padding-left: 26px;\">\n \t<li style=\"list-style-type: disc; margin-top: 10px;\">Colocaci\u00f3n de textos significativos y explicativos en los enlaces.<\/li>\n<\/ul>\n<\/li>\n<\/ul>\n<ul style=\"margin-bottom: 1rem; padding-left: 26px; font-family: Mulish, sans-serif; font-size: 16px; letter-spacing: -0.16px;\">\n \t<li style=\"list-style-type: none; margin-top: 10px;\">\n<ul style=\"margin-bottom: 0px; padding-left: 26px;\">\n \t<li style=\"list-style-type: disc; margin-top: 10px;\">Las diferentes hojas de estilo evitaran las combinaciones de colores de poco contraste, y la transmisi\u00f3n de informaci\u00f3n s\u00f3lo a trav\u00e9s del color.<\/li>\n<\/ul>\n<\/li>\n<\/ul>\n<ul style=\"margin-bottom: 1rem; padding-left: 26px; font-family: Mulish, sans-serif; font-size: 16px; letter-spacing: -0.16px;\">\n \t<li style=\"list-style-type: none; margin-top: 10px;\">\n<ul style=\"margin-bottom: 0px; padding-left: 26px;\">\n \t<li style=\"list-style-type: disc; margin-top: 10px;\">No se ha utilizado el lenguaje JavaScript en las p\u00e1ginas de acceso a trav\u00e9s de las opciones de Configuraci\u00f3n en la Declaraci\u00f3n de accesibilidad.<\/li>\n<\/ul>\n<\/li>\n<\/ul>\n<ul style=\"margin-bottom: 1rem; padding-left: 26px; font-family: Mulish, sans-serif; font-size: 16px; letter-spacing: -0.16px;\">\n \t<li style=\"list-style-type: none; margin-top: 10px;\">\n<ul style=\"margin-bottom: 0px; padding-left: 26px;\">\n \t<li style=\"list-style-type: disc; margin-top: 10px;\">Se ha evitado el uso de marcos &lt;frames&gt;.<\/li>\n<\/ul>\n<\/li>\n<\/ul>\n<p class=\"parrafoDeclaracion\" style=\"margin-bottom: 1rem; font-family: Mulish, sans-serif; font-size: 16px; letter-spacing: -0.16px;\">Todas las p\u00e1ginas poseen la etiqueta &lt;title&gt; que incluye el t\u00edtulo del sitio web y el t\u00edtulo de la p\u00e1gina para ayudar y facilitar la navegaci\u00f3n y el correcto almacenamiento de cualquier p\u00e1gina en los \u201cfavoritos\u201d o \u201cmarcadores\u201d del navegador empleado.<\/p>\n<p class=\"parrafoDeclaracion\" style=\"margin-bottom: 1rem; font-family: Mulish, sans-serif; font-size: 16px; letter-spacing: -0.16px;\">Accede a nuestro\u00a0<a style=\"transition-timing-function: ease; background-color: transparent; color: #333333; font-weight: 600;\" href=\"https:\/\/fergamar.com\/en\/configurador-de-accesibilidad\/\">Configurador de accesibilidad<\/a>.<\/p>\t\t\t\t\t\t<\/div>\n\t\t\t\t<\/div>\n\t\t\t\t\t<\/div>\n\t\t<\/div>\n\t\t\t\t\t\t\t<\/div>\n\t\t<\/section>\n\t\t\t\t\t\t\t<\/div>","protected":false},"excerpt":{"rendered":"<p>Se han cumplido los est\u00e1ndares que se emplean hoy en d\u00eda para desarrollar sitios web: HTML 5.2 y CSS 2.1. Se han aplicado algunas de las pautas de Accesibilidad al Contenido WCAG 2.1 y la estructura de anexos de la norma UNE-EN 301 549:2022 para garantizar la m\u00e1xima accesibilidad. Algunos de los aspectos que se [&hellip;]<\/p>","protected":false},"author":3,"featured_media":0,"parent":0,"menu_order":0,"comment_status":"closed","ping_status":"closed","template":"","meta":{"footnotes":""},"class_list":["post-2597","page","type-page","status-publish","hentry"],"yoast_head":"<!-- This site is optimized with the Yoast SEO plugin v20.1 - https:\/\/yoast.com\/wordpress\/plugins\/seo\/ -->\n<title>Declaraci\u00f3n de accesibilidad - Fergamar<\/title>\n<meta name=\"robots\" content=\"index, follow, max-snippet:-1, max-image-preview:large, max-video-preview:-1\" \/>\n<link rel=\"canonical\" href=\"https:\/\/fergamar.com\/en\/declaracion-de-accesibilidad\/\" \/>\n<meta property=\"og:locale\" content=\"en_GB\" \/>\n<meta property=\"og:type\" content=\"article\" \/>\n<meta property=\"og:title\" content=\"Declaraci\u00f3n de accesibilidad - Fergamar\" \/>\n<meta property=\"og:description\" content=\"Se han cumplido los est\u00e1ndares que se emplean hoy en d\u00eda para desarrollar sitios web: HTML 5.2 y CSS 2.1. Se han aplicado algunas de las pautas de Accesibilidad al Contenido WCAG 2.1 y la estructura de anexos de la norma UNE-EN 301 549:2022 para garantizar la m\u00e1xima accesibilidad. Algunos de los aspectos que se [&hellip;]\" \/>\n<meta property=\"og:url\" content=\"https:\/\/fergamar.com\/en\/declaracion-de-accesibilidad\/\" \/>\n<meta property=\"og:site_name\" content=\"Fergamar\" \/>\n<meta property=\"article:modified_time\" content=\"2023-01-31T12:51:08+00:00\" \/>\n<meta name=\"twitter:card\" content=\"summary_large_image\" \/>\n<meta name=\"twitter:label1\" content=\"Estimated reading time\" \/>\n\t<meta name=\"twitter:data1\" content=\"2 minutes\" \/>\n<script type=\"application\/ld+json\" class=\"yoast-schema-graph\">{\"@context\":\"https:\/\/schema.org\",\"@graph\":[{\"@type\":\"WebPage\",\"@id\":\"https:\/\/fergamar.com\/declaracion-de-accesibilidad\/\",\"url\":\"https:\/\/fergamar.com\/declaracion-de-accesibilidad\/\",\"name\":\"Declaraci\u00f3n de accesibilidad - Fergamar\",\"isPartOf\":{\"@id\":\"https:\/\/fergamar.com\/#website\"},\"datePublished\":\"2023-01-31T12:50:07+00:00\",\"dateModified\":\"2023-01-31T12:51:08+00:00\",\"breadcrumb\":{\"@id\":\"https:\/\/fergamar.com\/declaracion-de-accesibilidad\/#breadcrumb\"},\"inLanguage\":\"en-GB\",\"potentialAction\":[{\"@type\":\"ReadAction\",\"target\":[\"https:\/\/fergamar.com\/declaracion-de-accesibilidad\/\"]}]},{\"@type\":\"BreadcrumbList\",\"@id\":\"https:\/\/fergamar.com\/declaracion-de-accesibilidad\/#breadcrumb\",\"itemListElement\":[{\"@type\":\"ListItem\",\"position\":1,\"name\":\"Portada\",\"item\":\"https:\/\/fergamar.com\/\"},{\"@type\":\"ListItem\",\"position\":2,\"name\":\"Declaraci\u00f3n de accesibilidad\"}]},{\"@type\":\"WebSite\",\"@id\":\"https:\/\/fergamar.com\/#website\",\"url\":\"https:\/\/fergamar.com\/\",\"name\":\"Fergamar\",\"description\":\"Otro sitio realizado con WordPress\",\"potentialAction\":[{\"@type\":\"SearchAction\",\"target\":{\"@type\":\"EntryPoint\",\"urlTemplate\":\"https:\/\/fergamar.com\/?s={search_term_string}\"},\"query-input\":\"required name=search_term_string\"}],\"inLanguage\":\"en-GB\"}]}<\/script>\n<!-- \/ Yoast SEO plugin. -->","yoast_head_json":{"title":"Declaraci\u00f3n de accesibilidad - Fergamar","robots":{"index":"index","follow":"follow","max-snippet":"max-snippet:-1","max-image-preview":"max-image-preview:large","max-video-preview":"max-video-preview:-1"},"canonical":"https:\/\/fergamar.com\/en\/declaracion-de-accesibilidad\/","og_locale":"en_GB","og_type":"article","og_title":"Declaraci\u00f3n de accesibilidad - Fergamar","og_description":"Se han cumplido los est\u00e1ndares que se emplean hoy en d\u00eda para desarrollar sitios web: HTML 5.2 y CSS 2.1. Se han aplicado algunas de las pautas de Accesibilidad al Contenido WCAG 2.1 y la estructura de anexos de la norma UNE-EN 301 549:2022 para garantizar la m\u00e1xima accesibilidad. Algunos de los aspectos que se [&hellip;]","og_url":"https:\/\/fergamar.com\/en\/declaracion-de-accesibilidad\/","og_site_name":"Fergamar","article_modified_time":"2023-01-31T12:51:08+00:00","twitter_card":"summary_large_image","twitter_misc":{"Estimated reading time":"2 minutes"},"schema":{"@context":"https:\/\/schema.org","@graph":[{"@type":"WebPage","@id":"https:\/\/fergamar.com\/declaracion-de-accesibilidad\/","url":"https:\/\/fergamar.com\/declaracion-de-accesibilidad\/","name":"Declaraci\u00f3n de accesibilidad - Fergamar","isPartOf":{"@id":"https:\/\/fergamar.com\/#website"},"datePublished":"2023-01-31T12:50:07+00:00","dateModified":"2023-01-31T12:51:08+00:00","breadcrumb":{"@id":"https:\/\/fergamar.com\/declaracion-de-accesibilidad\/#breadcrumb"},"inLanguage":"en-GB","potentialAction":[{"@type":"ReadAction","target":["https:\/\/fergamar.com\/declaracion-de-accesibilidad\/"]}]},{"@type":"BreadcrumbList","@id":"https:\/\/fergamar.com\/declaracion-de-accesibilidad\/#breadcrumb","itemListElement":[{"@type":"ListItem","position":1,"name":"Portada","item":"https:\/\/fergamar.com\/"},{"@type":"ListItem","position":2,"name":"Declaraci\u00f3n de accesibilidad"}]},{"@type":"WebSite","@id":"https:\/\/fergamar.com\/#website","url":"https:\/\/fergamar.com\/","name":"Fergamar","description":"Otro sitio realizado con WordPress","potentialAction":[{"@type":"SearchAction","target":{"@type":"EntryPoint","urlTemplate":"https:\/\/fergamar.com\/?s={search_term_string}"},"query-input":"required name=search_term_string"}],"inLanguage":"en-GB"}]}},"acf":[],"_links":{"self":[{"href":"https:\/\/fergamar.com\/en\/wp-json\/wp\/v2\/pages\/2597","targetHints":{"allow":["GET"]}}],"collection":[{"href":"https:\/\/fergamar.com\/en\/wp-json\/wp\/v2\/pages"}],"about":[{"href":"https:\/\/fergamar.com\/en\/wp-json\/wp\/v2\/types\/page"}],"author":[{"embeddable":true,"href":"https:\/\/fergamar.com\/en\/wp-json\/wp\/v2\/users\/3"}],"replies":[{"embeddable":true,"href":"https:\/\/fergamar.com\/en\/wp-json\/wp\/v2\/comments?post=2597"}],"version-history":[{"count":5,"href":"https:\/\/fergamar.com\/en\/wp-json\/wp\/v2\/pages\/2597\/revisions"}],"predecessor-version":[{"id":2916,"href":"https:\/\/fergamar.com\/en\/wp-json\/wp\/v2\/pages\/2597\/revisions\/2916"}],"wp:attachment":[{"href":"https:\/\/fergamar.com\/en\/wp-json\/wp\/v2\/media?parent=2597"}],"curies":[{"name":"wp","href":"https:\/\/api.w.org\/{rel}","templated":true}]}}